{"id":1993,"date":"2023-05-29T06:53:50","date_gmt":"2023-05-29T09:53:50","guid":{"rendered":"http:\/\/ideal.ufpb.br\/?page_id=1993"},"modified":"2024-04-09T02:41:31","modified_gmt":"2024-04-09T05:41:31","slug":"overview-of-the-ideal-international-joint-lab","status":"publish","type":"page","link":"https:\/\/ideal.ufpb.br\/pt\/overview-of-the-ideal-international-joint-lab\/","title":{"rendered":"Vis\u00e3o Geral do Laborat\u00f3rio Misto Internacional IDEAL"},"content":{"rendered":"<div data-colibri-id=\"1993-c1\" class=\"style-768 style-local-1993-c1 position-relative\">\n  <!---->\n  <div data-colibri-component=\"section\" data-colibri-id=\"1993-c2\" id=\"reusable-sections-2\" class=\"h-section h-section-global-spacing d-flex align-items-lg-center align-items-md-center align-items-center style-775 style-local-1993-c2 position-relative\">\n    <!---->\n    <!---->\n    <div class=\"h-section-grid-container h-section-boxed-container\">\n      <!---->\n      <div data-colibri-id=\"1993-c3\" class=\"h-row-container gutters-row-lg-2 gutters-row-md-2 gutters-row-0 gutters-row-v-lg-2 gutters-row-v-md-2 gutters-row-v-2 style-776 style-local-1993-c3 position-relative\">\n        <!---->\n        <div class=\"h-row justify-content-lg-center justify-content-md-center justify-content-center align-items-lg-stretch align-items-md-stretch align-items-stretch gutters-col-lg-2 gutters-col-md-2 gutters-col-0 gutters-col-v-lg-2 gutters-col-v-md-2 gutters-col-v-2\">\n          <!---->\n          <div class=\"h-column h-column-container d-flex h-col-lg-auto h-col-md-auto h-col-auto style-793-outer style-local-1993-c4-outer\">\n            <div data-colibri-id=\"1993-c4\" class=\"d-flex h-flex-basis h-column__inner h-px-lg-2 h-px-md-2 h-px-2 v-inner-lg-2 v-inner-md-2 v-inner-2 style-793 style-local-1993-c4 position-relative\">\n              <div class=\"background-wrapper\">\n                <div class=\"background-layer background-layer-media-container-lg\">\n                  <div data-enabled=\"true\" data-colibri-component=\"parallax\" class=\"background-layer paraxify\" model-id=\"1993-c4\" media=\"desktop\" is-preview=\"true\" style=\"background-image: url(&quot;http:\/\/ideal.ufpb.br\/wp-content\/uploads\/2023\/05\/cropped-AdobeStock_183286047.jpeg&quot;);\"><\/div>\n                  <div class=\"overlay-layer\">\n                    <div class=\"overlay-image-layer\" style=\"background-color: rgb(255, 255, 255); opacity: 0.76;\"><\/div>\n                  <\/div>\n                <\/div>\n                <div class=\"background-layer background-layer-media-container-md\">\n                  <div data-enabled=\"true\" data-colibri-component=\"parallax\" class=\"background-layer paraxify\" model-id=\"1993-c4\" media=\"tablet\" is-preview=\"true\" style=\"background-image: url(&quot;http:\/\/ideal.ufpb.br\/wp-content\/uploads\/2023\/05\/cropped-AdobeStock_183286047.jpeg&quot;);\"><\/div>\n                  <div class=\"overlay-layer\">\n                    <div class=\"overlay-image-layer\" style=\"background-color: rgb(255, 255, 255); opacity: 0.76;\"><\/div>\n                  <\/div>\n                <\/div>\n                <div class=\"background-layer background-layer-media-container\">\n                  <div data-enabled=\"true\" data-colibri-component=\"parallax\" class=\"background-layer paraxify\" model-id=\"1993-c4\" media=\"mobile\" is-preview=\"true\" style=\"background-image: url(&quot;http:\/\/ideal.ufpb.br\/wp-content\/uploads\/2023\/05\/cropped-AdobeStock_183286047.jpeg&quot;);\"><\/div>\n                  <div class=\"overlay-layer\">\n                    <div class=\"overlay-image-layer\" style=\"background-color: rgb(255, 255, 255); opacity: 0.76;\"><\/div>\n                  <\/div>\n                <\/div>\n              <\/div>\n              <!---->\n              <div class=\"w-100 h-y-container h-column__content h-column__v-align flex-basis-100 align-self-lg-center align-self-md-center align-self-center\">\n                <!---->\n                <div data-colibri-id=\"1993-c5\" class=\"h-text h-text-component style-788 style-local-1993-c5 position-relative h-element\">\n                  <!---->\n                  <!---->\n                  <div class=\"\">\n                    <p>O IDEAL \u00e9 uma rede de pesquisa franco-brasileira formada por\n                      <a href=\"http:\/\/ideal.ufpb.br\/pt\/institutions-and-people\/\">11 institui\u00e7\u00f5es<\/a> envolve cerca de 50 pesquisadores trabalhando com comunidades locais para enfrentar o desafio comum de transformar territ\u00f3rios socialmente vulner\u00e1veis e ambientalmente degradados em bioeconomias sustent\u00e1veis e inclusivas. Combinamos ferramentas de ponta em Ci\u00eancia de Dados e Intelig\u00eancia Artificial com m\u00e9todos participativos de pesquisa para promover caminhos de transforma\u00e7\u00e3o adaptativa nos territ\u00f3rios do Nordeste brasileiro (Para\u00edba, Cear\u00e1, Rio Grande do Norte e Pernambuco). Ao fazer isso, adotamos uma perspectiva agroecol\u00f3gica como base de projetos que enfrentam o desafio comum de moldar estrat\u00e9gias integradoras para a restaura\u00e7\u00e3o da biodiversidade, inclus\u00e3o social e desenvolvimento bioecon\u00f4mico.<\/p>\n                    <p>Al\u00e9m dos projetos locais de transforma\u00e7\u00e3o adaptativa em nossos\n                      <a href=\"http:\/\/ideal.ufpb.br\/pt\/study-cases\/\">quatro estudos de caso<\/a>, o LMI IDEAL est\u00e1 desenvolvendo ferramentas de s\u00edntese de dados que apoiam a governan\u00e7a em m\u00faltiplas escalas, incluindo pain\u00e9is e mapas interativos. Tamb\u00e9m temos um foco na educa\u00e7\u00e3o ambiental, que vemos como uma das a\u00e7\u00f5es mais estruturantes para a resili\u00eancia socioecol\u00f3gica no longo prazo.<\/p>\n                    <p><strong style=\"font-weight: 800;\">Objetivos do Laborat\u00f3rio Misto Internacional IDEAL<\/strong><\/p>\n                    <p><strong style=\"font-weight: 800;\">Promover a pesquisa transdiciplina, s\u00edntese de conhecimento e aplica\u00e7\u00f5es ligando conceitos, m\u00e9todos e dados em agroecologia, biodiversidade, hidrologia e sociedade.<\/strong> Ao fazer isso, usamos Intelig\u00eancia Artificial (IA) e Ci\u00eancia de Dados (CD) para diagnosticar as condi\u00e7\u00f5es s\u00f3cio-ecol\u00f3gicas de territ\u00f3rios com base em grandes conjuntos de dados. Esses diagn\u00f3stico s\u00e3o usados para a co-constru\u00e7\u00e3o de modelos de transforma\u00e7\u00e3o adaptativa rumo a paisagens agroecol\u00f3gicas sustent\u00e1veis no Nordeste brasileiro.<\/p>\n                    <p><strong style=\"font-weight: 800;\">Ofecerecer treinamento acad\u00eamico e interc\u00e2mbios cient\u00edficos em Intelig\u00eancia Artificial e Ci\u00eancia de Dados aplicados \u00e0 Sustentabilidade, via semin\u00e1rios, escolas tem\u00e1ticos e treinamentos <\/strong>\n                      <a href=\"http:\/\/ideal.ufpb.br\/pt\/itan\/\"\n                        style=\"font-weight: 800;\"><strong>promovidas pela ITAN, a Rede de Transforma\u00e7\u00e3o Adaptativa do IDEAL<\/strong><\/a> que conectar\u00e1 institui\u00e7\u00f5es e territ\u00f3rios sujeitos a desafios similares.<\/p>\n                    <p><strong style=\"font-weight: 800; font-size: 16px; font-family: &quot;Open Sans&quot;; color: rgb(70, 112, 127);\">Fortalecer a visibilidade internacional da equipe brasileira com publica\u00e7\u00f5es de alto n\u00edveis, demonstradores de c\u00f3digo aberto e dados FAIR apoiando diferentes atores, incluindo gestores p\u00fablicos, educadores, lideran\u00e7as comunit\u00e1rias e empres\u00e1rios e,<\/strong>\n                      <span\n                        style=\"font-weight: 400; font-size: 16px; font-family: &quot;Open Sans&quot;; color: rgb(70, 112, 127);\">&nbsp;portanto, apoiando os territ\u00f3irios no processo de transi\u00e7\u00e3o socioecol\u00f3gica.<\/span>\n                    <\/p>\n                  <\/div>\n                <\/div>\n              <\/div>\n            <\/div>\n          <\/div>\n        <\/div>\n      <\/div>\n    <\/div>\n  <\/div>\n  <div data-colibri-component=\"section\" data-colibri-id=\"1993-c19\" id=\"reusable-sections\" class=\"h-section h-section-global-spacing d-flex align-items-lg-center align-items-md-center align-items-center style-1305 style-local-1993-c19 position-relative\">\n    <!---->\n    <!---->\n    <div class=\"h-section-grid-container h-section-boxed-container\">\n      <!---->\n      <div data-colibri-id=\"1993-c20\" class=\"h-row-container gutters-row-lg-2 gutters-row-md-2 gutters-row-0 gutters-row-v-lg-2 gutters-row-v-md-2 gutters-row-v-2 style-1306 style-local-1993-c20 position-relative\">\n        <!---->\n        <div class=\"h-row justify-content-lg-center justify-content-md-center justify-content-center align-items-lg-stretch align-items-md-stretch align-items-stretch gutters-col-lg-2 gutters-col-md-2 gutters-col-0 gutters-col-v-lg-2 gutters-col-v-md-2 gutters-col-v-2\">\n          <!---->\n          <div class=\"h-column h-column-container d-flex h-col-lg-auto h-col-md-auto h-col-auto style-1307-outer style-local-1993-c21-outer\">\n            <div data-colibri-id=\"1993-c21\" class=\"d-flex h-flex-basis h-column__inner h-px-lg-2 h-px-md-2 h-px-2 v-inner-lg-2 v-inner-md-2 v-inner-2 style-1307 style-local-1993-c21 position-relative\">\n              <!---->\n              <!---->\n              <div class=\"w-100 h-y-container h-column__content h-column__v-align flex-basis-100 align-self-lg-start align-self-md-start align-self-start\">\n                <!---->\n                <div data-colibri-id=\"1993-c22\" data-aos=\"fadeInDown\" class=\"d-block style-1308 style-local-1993-c22 position-relative h-element\">\n                  <!---->\n                  <div class=\"h-image__frame-container-outer\">\n                    <div class=\"h-image__frame-container\">\n                      <!---->\n                      <!---->\n                      <img decoding=\"async\" src=\"http:\/\/ideal.ufpb.br\/wp-content\/uploads\/2023\/05\/cropped-cropped-cropped-logfim4-scaled-1.jpg\" class=\"wp-image-2967 style-1308-image style-local-1993-c22-image\" alt=\"\" \/>\n                      <div class=\"h-image__frame h-hide-lg h-hide-md h-hide-sm style-1308-frameImage style-local-1993-c22-frameImage\"><\/div>\n                    <\/div>\n                  <\/div>\n                <\/div>\n              <\/div>\n            <\/div>\n          <\/div>\n        <\/div>\n      <\/div>\n    <\/div>\n  <\/div>\n<\/div>","protected":false},"excerpt":{"rendered":"<p>IDEAL is a Franco-Brazilian research network formed by 11 institutions and about 50 researchers working with local communities to face the common challenge of transforming socially vulnerable and environmentally degraded territories into sustainable and inclusive bioencomies. We combine cutting-edge tools in Data Science and Artificial Intelligence with participatory reserach methods to foster adaptive transformation patwhays [&hellip;]<\/p>","protected":false},"author":2,"featured_media":0,"parent":0,"menu_order":0,"comment_status":"closed","ping_status":"closed","template":"page-templates\/full-width-page.php","meta":{"footnotes":""},"class_list":["post-1993","page","type-page","status-publish","hentry"],"yoast_head":"<!-- This site is optimized with the Yoast SEO plugin v26.0 - https:\/\/yoast.com\/wordpress\/plugins\/seo\/ -->\n<title>Overview of the IDEAL International Joint Lab - IDEAL IJL<\/title>\n<meta name=\"robots\" content=\"index, follow, max-snippet:-1, max-image-preview:large, max-video-preview:-1\" \/>\n<link rel=\"canonical\" href=\"https:\/\/ideal.ufpb.br\/pt\/overview-of-the-ideal-international-joint-lab\/\" \/>\n<meta property=\"og:locale\" content=\"pt_BR\" \/>\n<meta property=\"og:type\" content=\"article\" \/>\n<meta property=\"og:title\" content=\"Overview of the IDEAL International Joint Lab - IDEAL IJL\" \/>\n<meta property=\"og:description\" content=\"IDEAL is a Franco-Brazilian research network formed by 11 institutions and about 50 researchers working with local communities to face the common challenge of transforming socially vulnerable and environmentally degraded territories into sustainable and inclusive bioencomies. We combine cutting-edge tools in Data Science and Artificial Intelligence with participatory reserach methods to foster adaptive transformation patwhays [&hellip;]\" \/>\n<meta property=\"og:url\" content=\"https:\/\/ideal.ufpb.br\/pt\/overview-of-the-ideal-international-joint-lab\/\" \/>\n<meta property=\"og:site_name\" content=\"IDEAL IJL\" \/>\n<meta property=\"article:modified_time\" content=\"2024-04-09T05:41:31+00:00\" \/>\n<meta property=\"og:image\" content=\"http:\/\/ideal.ufpb.br\/wp-content\/uploads\/2023\/05\/cropped-cropped-cropped-logfim4-scaled-1.jpg\" \/>\n<meta name=\"twitter:card\" content=\"summary_large_image\" \/>\n<meta name=\"twitter:label1\" content=\"Est. tempo de leitura\" \/>\n\t<meta name=\"twitter:data1\" content=\"2 minutos\" \/>\n<script type=\"application\/ld+json\" class=\"yoast-schema-graph\">{\"@context\":\"https:\/\/schema.org\",\"@graph\":[{\"@type\":\"WebPage\",\"@id\":\"https:\/\/ideal.ufpb.br\/overview-of-the-ideal-international-joint-lab\/\",\"url\":\"https:\/\/ideal.ufpb.br\/overview-of-the-ideal-international-joint-lab\/\",\"name\":\"Overview of the IDEAL International Joint Lab - IDEAL IJL\",\"isPartOf\":{\"@id\":\"https:\/\/ideal.ufpb.br\/pt\/#website\"},\"primaryImageOfPage\":{\"@id\":\"https:\/\/ideal.ufpb.br\/overview-of-the-ideal-international-joint-lab\/#primaryimage\"},\"image\":{\"@id\":\"https:\/\/ideal.ufpb.br\/overview-of-the-ideal-international-joint-lab\/#primaryimage\"},\"thumbnailUrl\":\"http:\/\/ideal.ufpb.br\/wp-content\/uploads\/2023\/05\/cropped-cropped-cropped-logfim4-scaled-1.jpg\",\"datePublished\":\"2023-05-29T09:53:50+00:00\",\"dateModified\":\"2024-04-09T05:41:31+00:00\",\"inLanguage\":\"pt-BR\",\"potentialAction\":[{\"@type\":\"ReadAction\",\"target\":[\"https:\/\/ideal.ufpb.br\/overview-of-the-ideal-international-joint-lab\/\"]}]},{\"@type\":\"ImageObject\",\"inLanguage\":\"pt-BR\",\"@id\":\"https:\/\/ideal.ufpb.br\/overview-of-the-ideal-international-joint-lab\/#primaryimage\",\"url\":\"http:\/\/ideal.ufpb.br\/wp-content\/uploads\/2023\/05\/cropped-cropped-cropped-logfim4-scaled-1.jpg\",\"contentUrl\":\"http:\/\/ideal.ufpb.br\/wp-content\/uploads\/2023\/05\/cropped-cropped-cropped-logfim4-scaled-1.jpg\"},{\"@type\":\"WebSite\",\"@id\":\"https:\/\/ideal.ufpb.br\/pt\/#website\",\"url\":\"https:\/\/ideal.ufpb.br\/pt\/\",\"name\":\"IDEAL IJL\",\"description\":\"International Joint Lab on Sustainability\",\"publisher\":{\"@id\":\"https:\/\/ideal.ufpb.br\/pt\/#organization\"},\"potentialAction\":[{\"@type\":\"SearchAction\",\"target\":{\"@type\":\"EntryPoint\",\"urlTemplate\":\"https:\/\/ideal.ufpb.br\/pt\/?s={search_term_string}\"},\"query-input\":{\"@type\":\"PropertyValueSpecification\",\"valueRequired\":true,\"valueName\":\"search_term_string\"}}],\"inLanguage\":\"pt-BR\"},{\"@type\":\"Organization\",\"@id\":\"https:\/\/ideal.ufpb.br\/pt\/#organization\",\"name\":\"International Joint Lab on Sustainability IDEAL\",\"url\":\"https:\/\/ideal.ufpb.br\/pt\/\",\"logo\":{\"@type\":\"ImageObject\",\"inLanguage\":\"pt-BR\",\"@id\":\"https:\/\/ideal.ufpb.br\/pt\/#\/schema\/logo\/image\/\",\"url\":\"https:\/\/ideal.ufpb.br\/wp-content\/uploads\/2025\/09\/Logotipo_mod_Branco-scaled.png\",\"contentUrl\":\"https:\/\/ideal.ufpb.br\/wp-content\/uploads\/2025\/09\/Logotipo_mod_Branco-scaled.png\",\"width\":2560,\"height\":2116,\"caption\":\"International Joint Lab on Sustainability IDEAL\"},\"image\":{\"@id\":\"https:\/\/ideal.ufpb.br\/pt\/#\/schema\/logo\/image\/\"}}]}<\/script>\n<!-- \/ Yoast SEO plugin. -->","yoast_head_json":{"title":"Overview of the IDEAL International Joint Lab - IDEAL IJL","robots":{"index":"index","follow":"follow","max-snippet":"max-snippet:-1","max-image-preview":"max-image-preview:large","max-video-preview":"max-video-preview:-1"},"canonical":"https:\/\/ideal.ufpb.br\/pt\/overview-of-the-ideal-international-joint-lab\/","og_locale":"pt_BR","og_type":"article","og_title":"Overview of the IDEAL International Joint Lab - IDEAL IJL","og_description":"IDEAL is a Franco-Brazilian research network formed by 11 institutions and about 50 researchers working with local communities to face the common challenge of transforming socially vulnerable and environmentally degraded territories into sustainable and inclusive bioencomies. We combine cutting-edge tools in Data Science and Artificial Intelligence with participatory reserach methods to foster adaptive transformation patwhays [&hellip;]","og_url":"https:\/\/ideal.ufpb.br\/pt\/overview-of-the-ideal-international-joint-lab\/","og_site_name":"IDEAL IJL","article_modified_time":"2024-04-09T05:41:31+00:00","og_image":[{"url":"http:\/\/ideal.ufpb.br\/wp-content\/uploads\/2023\/05\/cropped-cropped-cropped-logfim4-scaled-1.jpg","type":"","width":"","height":""}],"twitter_card":"summary_large_image","twitter_misc":{"Est. tempo de leitura":"2 minutos"},"schema":{"@context":"https:\/\/schema.org","@graph":[{"@type":"WebPage","@id":"https:\/\/ideal.ufpb.br\/overview-of-the-ideal-international-joint-lab\/","url":"https:\/\/ideal.ufpb.br\/overview-of-the-ideal-international-joint-lab\/","name":"Overview of the IDEAL International Joint Lab - IDEAL IJL","isPartOf":{"@id":"https:\/\/ideal.ufpb.br\/pt\/#website"},"primaryImageOfPage":{"@id":"https:\/\/ideal.ufpb.br\/overview-of-the-ideal-international-joint-lab\/#primaryimage"},"image":{"@id":"https:\/\/ideal.ufpb.br\/overview-of-the-ideal-international-joint-lab\/#primaryimage"},"thumbnailUrl":"http:\/\/ideal.ufpb.br\/wp-content\/uploads\/2023\/05\/cropped-cropped-cropped-logfim4-scaled-1.jpg","datePublished":"2023-05-29T09:53:50+00:00","dateModified":"2024-04-09T05:41:31+00:00","inLanguage":"pt-BR","potentialAction":[{"@type":"ReadAction","target":["https:\/\/ideal.ufpb.br\/overview-of-the-ideal-international-joint-lab\/"]}]},{"@type":"ImageObject","inLanguage":"pt-BR","@id":"https:\/\/ideal.ufpb.br\/overview-of-the-ideal-international-joint-lab\/#primaryimage","url":"http:\/\/ideal.ufpb.br\/wp-content\/uploads\/2023\/05\/cropped-cropped-cropped-logfim4-scaled-1.jpg","contentUrl":"http:\/\/ideal.ufpb.br\/wp-content\/uploads\/2023\/05\/cropped-cropped-cropped-logfim4-scaled-1.jpg"},{"@type":"WebSite","@id":"https:\/\/ideal.ufpb.br\/pt\/#website","url":"https:\/\/ideal.ufpb.br\/pt\/","name":"IDEAL IJL","description":"International Joint Lab on Sustainability","publisher":{"@id":"https:\/\/ideal.ufpb.br\/pt\/#organization"},"potentialAction":[{"@type":"SearchAction","target":{"@type":"EntryPoint","urlTemplate":"https:\/\/ideal.ufpb.br\/pt\/?s={search_term_string}"},"query-input":{"@type":"PropertyValueSpecification","valueRequired":true,"valueName":"search_term_string"}}],"inLanguage":"pt-BR"},{"@type":"Organization","@id":"https:\/\/ideal.ufpb.br\/pt\/#organization","name":"International Joint Lab on Sustainability IDEAL","url":"https:\/\/ideal.ufpb.br\/pt\/","logo":{"@type":"ImageObject","inLanguage":"pt-BR","@id":"https:\/\/ideal.ufpb.br\/pt\/#\/schema\/logo\/image\/","url":"https:\/\/ideal.ufpb.br\/wp-content\/uploads\/2025\/09\/Logotipo_mod_Branco-scaled.png","contentUrl":"https:\/\/ideal.ufpb.br\/wp-content\/uploads\/2025\/09\/Logotipo_mod_Branco-scaled.png","width":2560,"height":2116,"caption":"International Joint Lab on Sustainability IDEAL"},"image":{"@id":"https:\/\/ideal.ufpb.br\/pt\/#\/schema\/logo\/image\/"}}]}},"_links":{"self":[{"href":"https:\/\/ideal.ufpb.br\/pt\/wp-json\/wp\/v2\/pages\/1993","targetHints":{"allow":["GET"]}}],"collection":[{"href":"https:\/\/ideal.ufpb.br\/pt\/wp-json\/wp\/v2\/pages"}],"about":[{"href":"https:\/\/ideal.ufpb.br\/pt\/wp-json\/wp\/v2\/types\/page"}],"author":[{"embeddable":true,"href":"https:\/\/ideal.ufpb.br\/pt\/wp-json\/wp\/v2\/users\/2"}],"replies":[{"embeddable":true,"href":"https:\/\/ideal.ufpb.br\/pt\/wp-json\/wp\/v2\/comments?post=1993"}],"version-history":[{"count":1,"href":"https:\/\/ideal.ufpb.br\/pt\/wp-json\/wp\/v2\/pages\/1993\/revisions"}],"predecessor-version":[{"id":4963,"href":"https:\/\/ideal.ufpb.br\/pt\/wp-json\/wp\/v2\/pages\/1993\/revisions\/4963"}],"wp:attachment":[{"href":"https:\/\/ideal.ufpb.br\/pt\/wp-json\/wp\/v2\/media?parent=1993"}],"curies":[{"name":"wp","href":"https:\/\/api.w.org\/{rel}","templated":true}]}}