{"id":262,"date":"2023-05-17T08:19:47","date_gmt":"2023-05-17T11:19:47","guid":{"rendered":"http:\/\/ideal.ufpb.br\/?page_id=262"},"modified":"2024-04-09T02:03:15","modified_gmt":"2024-04-09T05:03:15","slug":"research","status":"publish","type":"page","link":"https:\/\/ideal.ufpb.br\/pt\/research\/","title":{"rendered":"Linhas de Pesquisa"},"content":{"rendered":"<div data-colibri-id=\"262-c1\" class=\"style-579 style-local-262-c1 position-relative\">\n  <!---->\n  <div data-colibri-component=\"section\" data-colibri-id=\"262-c2\" id=\"custom-2\" class=\"h-section h-section-global-spacing d-flex align-items-lg-center align-items-md-center align-items-center style-818 style-local-262-c2 position-relative\">\n    <div class=\"background-wrapper\">\n      <div class=\"background-layer background-layer-media-container-lg\">\n        <div data-enabled=\"true\" data-colibri-component=\"parallax\" class=\"background-layer paraxify\" model-id=\"262-c2\" media=\"desktop\" is-preview=\"true\" style=\"background-image: url(&quot;http:\/\/ideal.ufpb.br\/wp-content\/uploads\/2023\/05\/cropped-cropped-cropped-AdobeStock_502547769-scaled-1.jpg&quot;);\"><\/div>\n        <div class=\"overlay-layer\">\n          <div class=\"overlay-image-layer\" style=\"background-color: rgb(255, 255, 255); opacity: 0.66;\"><\/div>\n        <\/div>\n      <\/div>\n      <div class=\"background-layer background-layer-media-container-md\">\n        <div data-enabled=\"true\" data-colibri-component=\"parallax\" class=\"background-layer paraxify\" model-id=\"262-c2\" media=\"tablet\" is-preview=\"true\" style=\"background-image: url(&quot;http:\/\/ideal.ufpb.br\/wp-content\/uploads\/2023\/05\/cropped-cropped-cropped-AdobeStock_502547769-scaled-1.jpg&quot;);\"><\/div>\n        <div class=\"overlay-layer\">\n          <div class=\"overlay-image-layer\" style=\"background-color: rgb(255, 255, 255); opacity: 0.66;\"><\/div>\n        <\/div>\n      <\/div>\n      <div class=\"background-layer background-layer-media-container\">\n        <div data-enabled=\"true\" data-colibri-component=\"parallax\" class=\"background-layer paraxify\" model-id=\"262-c2\" media=\"mobile\" is-preview=\"true\" style=\"background-image: url(&quot;http:\/\/ideal.ufpb.br\/wp-content\/uploads\/2023\/05\/cropped-cropped-cropped-AdobeStock_502547769-scaled-1.jpg&quot;);\"><\/div>\n        <div class=\"overlay-layer\">\n          <div class=\"overlay-image-layer\" style=\"background-color: rgb(255, 255, 255); opacity: 0.66;\"><\/div>\n        <\/div>\n      <\/div>\n    <\/div>\n    <!---->\n    <div class=\"h-section-grid-container h-section-boxed-container\">\n      <!---->\n      <div data-colibri-id=\"262-c3\" class=\"h-row-container gutters-row-lg-2 gutters-row-md-2 gutters-row-0 gutters-row-v-lg-2 gutters-row-v-md-2 gutters-row-v-2 style-819 style-local-262-c3 position-relative\">\n        <!---->\n        <div class=\"h-row justify-content-lg-center justify-content-md-center justify-content-center align-items-lg-stretch align-items-md-stretch align-items-stretch gutters-col-lg-2 gutters-col-md-2 gutters-col-0 gutters-col-v-lg-2 gutters-col-v-md-2 gutters-col-v-2\">\n          <!---->\n          <div class=\"h-column h-column-container d-flex h-col-lg-auto h-col-md-auto h-col-auto style-820-outer style-local-262-c4-outer\">\n            <div data-colibri-id=\"262-c4\" class=\"d-flex h-flex-basis h-column__inner h-px-lg-2 h-px-md-2 h-px-2 v-inner-lg-2 v-inner-md-2 v-inner-2 style-820 style-local-262-c4 position-relative\">\n              <!---->\n              <!---->\n              <div class=\"w-100 h-y-container h-column__content h-column__v-align flex-basis-100 align-self-lg-start align-self-md-start align-self-start\">\n                <!---->\n                <div data-colibri-id=\"262-c5\" class=\"h-text h-text-component style-822 style-local-262-c5 position-relative h-element\">\n                  <!---->\n                  <!---->\n                  <div class=\"\">\n                    <p><span style=\"color: rgb(14, 13, 13);\">O<\/span><span style=\"color: rgb(13, 13, 14);\">&nbsp;<\/span>\n                      <a href=\"http:\/\/datapb.ccae.ufpb.br\/en\/e-science\/principios-fair-e-dados-abertos-2\/\" style=\"color: rgb(13, 13, 14); font-size: 1em; font-weight: 800; font-family: &quot;Open Sans&quot;;\"\n                        class=\"customize-unpreviewable\"><strong><u>conceito-paradigma de coviabilidade socioecol\u00f3gica<\/u><\/strong><\/a><span style=\"color: rgb(14, 13, 13);\">&nbsp;\u00e9 o alicerce do LMI IDEAL e nossas linhas de pesquisa est\u00e3o estruturadas sobre essa abordagem te\u00f3rica para a sustentabilidade. A coviabilidade se refere \u00e0s m\u00faltiplas formas poss\u00edveis para a coexist\u00eancia persistente, funcional e justas entre humanos e n\u00e3o-humanos em socioecossistemas. <br><br>A perspectiva da coviabilidade destaca a natureza transdisciplinar do LMI, o qual busca reconciliar a conserva\u00e7\u00e3o e restaura\u00e7\u00e3o de ecossistemas com a inclus\u00e3o social e a inova\u00e7\u00e3o produtiva na regi\u00e3o Nordeste do Brasil, conforme encaramos os Objetivos do Desenvolvimento Sustent\u00e1vel. Focadas na intera\u00e7\u00e3o entre os processos eco-evolutivos e s\u00f3cio-econ\u00f4micos que juntos moldam os s\u00f3cio-ecossistemas,&nbsp;<\/span>\n                      <span\n                        style=\"color: rgb(14, 13, 13); font-weight: 600;\">as linhas de pesquisa do LMI IDEAL incluem:<\/span>\n                    <\/p>\n                    <ul>\n                      <li><span style=\"color: rgb(14, 13, 13);\">A compreens\u00e3o, prote\u00e7\u00e3o e valoriza\u00e7\u00e3o da agrobiodiversidade e do conhecimento tradicional;<\/span>\n                        <br>\n                        <br>\n                      <\/li>\n                      <li><span style=\"color: rgb(14, 13, 13);\">a otimiza\u00e7\u00e3o das conectividades e potencialidades biol\u00f3gicas, h\u00eddricas e socioprodutivas nas escalas local e regional;<\/span>\n                        <br>\n                        <br>\n                      <\/li>\n                      <li><span style=\"color: rgb(14, 13, 13);\">o monitoramento de indicadores ecossist\u00eamicos e socioecon\u00f4micos da transforma\u00e7\u00e3o dos territ\u00f3rios;<\/span>\n                        <br>\n                        <br>\n                      <\/li>\n                      <li><span style=\"color: rgb(14, 13, 13);\">a aprendizagem social via experimenta\u00e7\u00e3o e aplica\u00e7\u00f5es da ci\u00eancia de dados e intelig\u00eancia artificial;<\/span>\n                        <br>\n                        <br>\n                      <\/li>\n                      <li><span style=\"color: rgb(14, 13, 13);\">O desenvolvimento de abordagens de rede para apoiar a governan\u00e7a voltada \u00e0 promo\u00e7\u00e3o da resili\u00eancia socioecol\u00f3gica;<\/span>\n                        <br>\n                        <br>\n                      <\/li>\n                      <li><span style=\"color: rgb(14, 13, 13);\">A promo\u00e7\u00e3o da participa\u00e7\u00e3o social na tomada de decis\u00f5es baseadas em ci\u00eancia.<\/span><\/li>\n                    <\/ul>\n                    <p><span style=\"color: rgb(14, 13, 13);\">Metodologicamente, o LMI IDEAL combinar\u00e1 intelig\u00eancia artificial com a integra\u00e7\u00e3o de grandes conjuntos de dados (big data) para potencializar a pesquisa participativa. Essas abordagens est\u00e3o alinhadas com princ\u00edpios filos\u00f3ficos, tecnol\u00f3gicos e \u00e9ticos da Ci\u00eancia Aberta, que definem tend\u00eancias centrais para a pesquisa no s\u00e9culo XXI \u2013 particularmente, os&nbsp;<\/span>\n                      <a\n                        href=\"http:\/\/datapb.ccae.ufpb.br\/e-science\/\" style=\"color: rgb(14, 13, 13); font-size: 1em; font-weight: 800; font-family: &quot;Open Sans&quot;;\" class=\"customize-unpreviewable\"><strong><u>princ\u00edpios FAIR<\/u><\/strong><\/a><span style=\"color: rgb(14, 13, 13);\">.<\/span><\/p>\n                  <\/div>\n                <\/div>\n              <\/div>\n            <\/div>\n          <\/div>\n        <\/div>\n      <\/div>\n    <\/div>\n  <\/div>\n  <div data-colibri-component=\"section\" data-colibri-id=\"262-c6\" id=\"reusable-sections\" class=\"h-section h-section-global-spacing d-flex align-items-lg-center align-items-md-center align-items-center style-795 style-local-262-c6 position-relative\">\n    <!---->\n    <!---->\n    <div class=\"h-section-grid-container h-section-boxed-container\">\n      <!---->\n      <div data-colibri-id=\"262-c7\" class=\"h-row-container gutters-row-lg-2 gutters-row-md-2 gutters-row-0 gutters-row-v-lg-2 gutters-row-v-md-2 gutters-row-v-2 style-796 style-local-262-c7 position-relative\">\n        <!---->\n        <div class=\"h-row justify-content-lg-center justify-content-md-center justify-content-center align-items-lg-stretch align-items-md-stretch align-items-stretch gutters-col-lg-2 gutters-col-md-2 gutters-col-0 gutters-col-v-lg-2 gutters-col-v-md-2 gutters-col-v-2\">\n          <!---->\n          <div class=\"h-column h-column-container d-flex h-col-lg-auto h-col-md-auto h-col-auto style-797-outer style-local-262-c8-outer\">\n            <div data-colibri-id=\"262-c8\" class=\"d-flex h-flex-basis h-column__inner h-px-lg-2 h-px-md-2 h-px-2 v-inner-lg-2 v-inner-md-2 v-inner-2 style-797 style-local-262-c8 position-relative\">\n              <!---->\n              <!---->\n              <div class=\"w-100 h-y-container h-column__content h-column__v-align flex-basis-100 align-self-lg-start align-self-md-start align-self-start\">\n                <!---->\n                <div data-colibri-id=\"262-c9\" data-aos=\"fadeInDown\" class=\"d-block style-798 style-local-262-c9 position-relative h-element\">\n                  <!---->\n                  <div class=\"h-image__frame-container-outer\">\n                    <div class=\"h-image__frame-container\">\n                      <!---->\n                      <!---->\n                      <img decoding=\"async\" src=\"http:\/\/ideal.ufpb.br\/wp-content\/uploads\/2023\/05\/cropped-cropped-cropped-logfim4-scaled-1.jpg\" class=\"wp-image-2967 style-798-image style-local-262-c9-image\" alt=\"\" \/>\n                      <div class=\"h-image__frame h-hide-lg h-hide-md h-hide-sm style-798-frameImage style-local-262-c9-frameImage\"><\/div>\n                    <\/div>\n                  <\/div>\n                <\/div>\n              <\/div>\n            <\/div>\n          <\/div>\n        <\/div>\n      <\/div>\n    <\/div>\n  <\/div>\n<\/div>","protected":false},"excerpt":{"rendered":"<p>The&nbsp; concept-paradigm of socio-ecological coviability&nbsp;is the cornerstone of the IDEAL IJL and our lines of inquiry are built upon this theoretical approach to sustainability. Coviability refers to the multiple possible forms of persistent, functional, and fair coexistence between humans and non-humans within socio-ecological systems. The coviability perspective highlights the transdisciplinary nature of the IJL, which [&hellip;]<\/p>","protected":false},"author":4,"featured_media":0,"parent":0,"menu_order":0,"comment_status":"closed","ping_status":"closed","template":"page-templates\/full-width-page.php","meta":{"footnotes":""},"class_list":["post-262","page","type-page","status-publish","hentry"],"yoast_head":"<!-- This site is optimized with the Yoast SEO plugin v26.0 - https:\/\/yoast.com\/wordpress\/plugins\/seo\/ -->\n<title>Lines of Inquiry - IDEAL IJL<\/title>\n<meta name=\"robots\" content=\"index, follow, max-snippet:-1, max-image-preview:large, max-video-preview:-1\" \/>\n<link rel=\"canonical\" href=\"https:\/\/ideal.ufpb.br\/pt\/research\/\" \/>\n<meta property=\"og:locale\" content=\"pt_BR\" \/>\n<meta property=\"og:type\" content=\"article\" \/>\n<meta property=\"og:title\" content=\"Lines of Inquiry - IDEAL IJL\" \/>\n<meta property=\"og:description\" content=\"The&nbsp; concept-paradigm of socio-ecological coviability&nbsp;is the cornerstone of the IDEAL IJL and our lines of inquiry are built upon this theoretical approach to sustainability. Coviability refers to the multiple possible forms of persistent, functional, and fair coexistence between humans and non-humans within socio-ecological systems. The coviability perspective highlights the transdisciplinary nature of the IJL, which [&hellip;]\" \/>\n<meta property=\"og:url\" content=\"https:\/\/ideal.ufpb.br\/pt\/research\/\" \/>\n<meta property=\"og:site_name\" content=\"IDEAL IJL\" \/>\n<meta property=\"article:modified_time\" content=\"2024-04-09T05:03:15+00:00\" \/>\n<meta property=\"og:image\" content=\"http:\/\/ideal.ufpb.br\/wp-content\/uploads\/2023\/05\/cropped-cropped-cropped-logfim4-scaled-1.jpg\" \/>\n<meta name=\"twitter:card\" content=\"summary_large_image\" \/>\n<meta name=\"twitter:label1\" content=\"Est. tempo de leitura\" \/>\n\t<meta name=\"twitter:data1\" content=\"1 minuto\" \/>\n<script type=\"application\/ld+json\" class=\"yoast-schema-graph\">{\"@context\":\"https:\/\/schema.org\",\"@graph\":[{\"@type\":\"WebPage\",\"@id\":\"https:\/\/ideal.ufpb.br\/research\/\",\"url\":\"https:\/\/ideal.ufpb.br\/research\/\",\"name\":\"Lines of Inquiry - IDEAL IJL\",\"isPartOf\":{\"@id\":\"https:\/\/ideal.ufpb.br\/pt\/#website\"},\"primaryImageOfPage\":{\"@id\":\"https:\/\/ideal.ufpb.br\/research\/#primaryimage\"},\"image\":{\"@id\":\"https:\/\/ideal.ufpb.br\/research\/#primaryimage\"},\"thumbnailUrl\":\"http:\/\/ideal.ufpb.br\/wp-content\/uploads\/2023\/05\/cropped-cropped-cropped-logfim4-scaled-1.jpg\",\"datePublished\":\"2023-05-17T11:19:47+00:00\",\"dateModified\":\"2024-04-09T05:03:15+00:00\",\"inLanguage\":\"pt-BR\",\"potentialAction\":[{\"@type\":\"ReadAction\",\"target\":[\"https:\/\/ideal.ufpb.br\/research\/\"]}]},{\"@type\":\"ImageObject\",\"inLanguage\":\"pt-BR\",\"@id\":\"https:\/\/ideal.ufpb.br\/research\/#primaryimage\",\"url\":\"http:\/\/ideal.ufpb.br\/wp-content\/uploads\/2023\/05\/cropped-cropped-cropped-logfim4-scaled-1.jpg\",\"contentUrl\":\"http:\/\/ideal.ufpb.br\/wp-content\/uploads\/2023\/05\/cropped-cropped-cropped-logfim4-scaled-1.jpg\"},{\"@type\":\"WebSite\",\"@id\":\"https:\/\/ideal.ufpb.br\/pt\/#website\",\"url\":\"https:\/\/ideal.ufpb.br\/pt\/\",\"name\":\"IDEAL IJL\",\"description\":\"International Joint Lab on Sustainability\",\"publisher\":{\"@id\":\"https:\/\/ideal.ufpb.br\/pt\/#organization\"},\"potentialAction\":[{\"@type\":\"SearchAction\",\"target\":{\"@type\":\"EntryPoint\",\"urlTemplate\":\"https:\/\/ideal.ufpb.br\/pt\/?s={search_term_string}\"},\"query-input\":{\"@type\":\"PropertyValueSpecification\",\"valueRequired\":true,\"valueName\":\"search_term_string\"}}],\"inLanguage\":\"pt-BR\"},{\"@type\":\"Organization\",\"@id\":\"https:\/\/ideal.ufpb.br\/pt\/#organization\",\"name\":\"International Joint Lab on Sustainability IDEAL\",\"url\":\"https:\/\/ideal.ufpb.br\/pt\/\",\"logo\":{\"@type\":\"ImageObject\",\"inLanguage\":\"pt-BR\",\"@id\":\"https:\/\/ideal.ufpb.br\/pt\/#\/schema\/logo\/image\/\",\"url\":\"https:\/\/ideal.ufpb.br\/wp-content\/uploads\/2025\/09\/Logotipo_mod_Branco-scaled.png\",\"contentUrl\":\"https:\/\/ideal.ufpb.br\/wp-content\/uploads\/2025\/09\/Logotipo_mod_Branco-scaled.png\",\"width\":2560,\"height\":2116,\"caption\":\"International Joint Lab on Sustainability IDEAL\"},\"image\":{\"@id\":\"https:\/\/ideal.ufpb.br\/pt\/#\/schema\/logo\/image\/\"}}]}<\/script>\n<!-- \/ Yoast SEO plugin. -->","yoast_head_json":{"title":"Lines of Inquiry - IDEAL IJL","robots":{"index":"index","follow":"follow","max-snippet":"max-snippet:-1","max-image-preview":"max-image-preview:large","max-video-preview":"max-video-preview:-1"},"canonical":"https:\/\/ideal.ufpb.br\/pt\/research\/","og_locale":"pt_BR","og_type":"article","og_title":"Lines of Inquiry - IDEAL IJL","og_description":"The&nbsp; concept-paradigm of socio-ecological coviability&nbsp;is the cornerstone of the IDEAL IJL and our lines of inquiry are built upon this theoretical approach to sustainability. Coviability refers to the multiple possible forms of persistent, functional, and fair coexistence between humans and non-humans within socio-ecological systems. The coviability perspective highlights the transdisciplinary nature of the IJL, which [&hellip;]","og_url":"https:\/\/ideal.ufpb.br\/pt\/research\/","og_site_name":"IDEAL IJL","article_modified_time":"2024-04-09T05:03:15+00:00","og_image":[{"url":"http:\/\/ideal.ufpb.br\/wp-content\/uploads\/2023\/05\/cropped-cropped-cropped-logfim4-scaled-1.jpg","type":"","width":"","height":""}],"twitter_card":"summary_large_image","twitter_misc":{"Est. tempo de leitura":"1 minuto"},"schema":{"@context":"https:\/\/schema.org","@graph":[{"@type":"WebPage","@id":"https:\/\/ideal.ufpb.br\/research\/","url":"https:\/\/ideal.ufpb.br\/research\/","name":"Lines of Inquiry - IDEAL IJL","isPartOf":{"@id":"https:\/\/ideal.ufpb.br\/pt\/#website"},"primaryImageOfPage":{"@id":"https:\/\/ideal.ufpb.br\/research\/#primaryimage"},"image":{"@id":"https:\/\/ideal.ufpb.br\/research\/#primaryimage"},"thumbnailUrl":"http:\/\/ideal.ufpb.br\/wp-content\/uploads\/2023\/05\/cropped-cropped-cropped-logfim4-scaled-1.jpg","datePublished":"2023-05-17T11:19:47+00:00","dateModified":"2024-04-09T05:03:15+00:00","inLanguage":"pt-BR","potentialAction":[{"@type":"ReadAction","target":["https:\/\/ideal.ufpb.br\/research\/"]}]},{"@type":"ImageObject","inLanguage":"pt-BR","@id":"https:\/\/ideal.ufpb.br\/research\/#primaryimage","url":"http:\/\/ideal.ufpb.br\/wp-content\/uploads\/2023\/05\/cropped-cropped-cropped-logfim4-scaled-1.jpg","contentUrl":"http:\/\/ideal.ufpb.br\/wp-content\/uploads\/2023\/05\/cropped-cropped-cropped-logfim4-scaled-1.jpg"},{"@type":"WebSite","@id":"https:\/\/ideal.ufpb.br\/pt\/#website","url":"https:\/\/ideal.ufpb.br\/pt\/","name":"IDEAL IJL","description":"International Joint Lab on Sustainability","publisher":{"@id":"https:\/\/ideal.ufpb.br\/pt\/#organization"},"potentialAction":[{"@type":"SearchAction","target":{"@type":"EntryPoint","urlTemplate":"https:\/\/ideal.ufpb.br\/pt\/?s={search_term_string}"},"query-input":{"@type":"PropertyValueSpecification","valueRequired":true,"valueName":"search_term_string"}}],"inLanguage":"pt-BR"},{"@type":"Organization","@id":"https:\/\/ideal.ufpb.br\/pt\/#organization","name":"International Joint Lab on Sustainability IDEAL","url":"https:\/\/ideal.ufpb.br\/pt\/","logo":{"@type":"ImageObject","inLanguage":"pt-BR","@id":"https:\/\/ideal.ufpb.br\/pt\/#\/schema\/logo\/image\/","url":"https:\/\/ideal.ufpb.br\/wp-content\/uploads\/2025\/09\/Logotipo_mod_Branco-scaled.png","contentUrl":"https:\/\/ideal.ufpb.br\/wp-content\/uploads\/2025\/09\/Logotipo_mod_Branco-scaled.png","width":2560,"height":2116,"caption":"International Joint Lab on Sustainability IDEAL"},"image":{"@id":"https:\/\/ideal.ufpb.br\/pt\/#\/schema\/logo\/image\/"}}]}},"_links":{"self":[{"href":"https:\/\/ideal.ufpb.br\/pt\/wp-json\/wp\/v2\/pages\/262","targetHints":{"allow":["GET"]}}],"collection":[{"href":"https:\/\/ideal.ufpb.br\/pt\/wp-json\/wp\/v2\/pages"}],"about":[{"href":"https:\/\/ideal.ufpb.br\/pt\/wp-json\/wp\/v2\/types\/page"}],"author":[{"embeddable":true,"href":"https:\/\/ideal.ufpb.br\/pt\/wp-json\/wp\/v2\/users\/4"}],"replies":[{"embeddable":true,"href":"https:\/\/ideal.ufpb.br\/pt\/wp-json\/wp\/v2\/comments?post=262"}],"version-history":[{"count":9,"href":"https:\/\/ideal.ufpb.br\/pt\/wp-json\/wp\/v2\/pages\/262\/revisions"}],"predecessor-version":[{"id":4797,"href":"https:\/\/ideal.ufpb.br\/pt\/wp-json\/wp\/v2\/pages\/262\/revisions\/4797"}],"wp:attachment":[{"href":"https:\/\/ideal.ufpb.br\/pt\/wp-json\/wp\/v2\/media?parent=262"}],"curies":[{"name":"wp","href":"https:\/\/api.w.org\/{rel}","templated":true}]}}