{"id":264,"date":"2023-05-17T08:20:30","date_gmt":"2023-05-17T11:20:30","guid":{"rendered":"http:\/\/ideal.ufpb.br\/?page_id=264"},"modified":"2024-04-08T09:32:10","modified_gmt":"2024-04-08T12:32:10","slug":"itan","status":"publish","type":"page","link":"https:\/\/ideal.ufpb.br\/pt\/itan\/","title":{"rendered":"Rede ITAN"},"content":{"rendered":"<div data-colibri-id=\"264-c1\" class=\"style-837 style-local-264-c1 position-relative\">\n  <!---->\n  <div data-colibri-component=\"section\" data-colibri-id=\"264-c2\" id=\"reusable-sections\" class=\"h-section h-section-global-spacing d-flex align-items-lg-center align-items-md-center align-items-center style-838 style-local-264-c2 position-relative\">\n    <div class=\"background-wrapper\">\n      <div class=\"background-layer background-layer-media-container-lg\">\n        <div data-enabled=\"true\" data-colibri-component=\"parallax\" class=\"background-layer paraxify\" model-id=\"264-c2\" media=\"desktop\" is-preview=\"true\" style=\"background-image: url(&quot;http:\/\/ideal.ufpb.br\/wp-content\/uploads\/2023\/05\/cropped-AdobeStock_502547769-scaled-1.jpg&quot;);\"><\/div>\n        <div class=\"overlay-layer\">\n          <div class=\"overlay-image-layer\" style=\"background-color: rgb(255, 255, 255); opacity: 0.81;\"><\/div>\n        <\/div>\n      <\/div>\n      <div class=\"background-layer background-layer-media-container-md\">\n        <div data-enabled=\"true\" data-colibri-component=\"parallax\" class=\"background-layer paraxify\" model-id=\"264-c2\" media=\"tablet\" is-preview=\"true\" style=\"background-image: url(&quot;http:\/\/ideal.ufpb.br\/wp-content\/uploads\/2023\/05\/cropped-AdobeStock_502547769-scaled-1.jpg&quot;);\"><\/div>\n        <div class=\"overlay-layer\">\n          <div class=\"overlay-image-layer\" style=\"background-color: rgb(255, 255, 255); opacity: 0.81;\"><\/div>\n        <\/div>\n      <\/div>\n      <div class=\"background-layer background-layer-media-container\">\n        <div data-enabled=\"true\" data-colibri-component=\"parallax\" class=\"background-layer paraxify\" model-id=\"264-c2\" media=\"mobile\" is-preview=\"true\" style=\"background-image: url(&quot;http:\/\/ideal.ufpb.br\/wp-content\/uploads\/2023\/05\/cropped-AdobeStock_502547769-scaled-1.jpg&quot;);\"><\/div>\n        <div class=\"overlay-layer\">\n          <div class=\"overlay-image-layer\" style=\"background-color: rgb(255, 255, 255); opacity: 0.81;\"><\/div>\n        <\/div>\n      <\/div>\n    <\/div>\n    <!---->\n    <div class=\"h-section-grid-container h-section-boxed-container\">\n      <!---->\n      <div data-colibri-id=\"264-c3\" class=\"h-row-container gutters-row-lg-2 gutters-row-md-2 gutters-row-0 gutters-row-v-lg-2 gutters-row-v-md-2 gutters-row-v-2 style-839 style-local-264-c3 position-relative\">\n        <!---->\n        <div class=\"h-row justify-content-lg-center justify-content-md-center justify-content-center align-items-lg-stretch align-items-md-stretch align-items-stretch gutters-col-lg-2 gutters-col-md-2 gutters-col-0 gutters-col-v-lg-2 gutters-col-v-md-2 gutters-col-v-2\">\n          <!---->\n          <div class=\"h-column h-column-container d-flex h-col-lg-auto h-col-md-auto h-col-auto style-840-outer style-local-264-c4-outer\">\n            <div data-colibri-id=\"264-c4\" class=\"d-flex h-flex-basis h-column__inner h-px-lg-2 h-px-md-2 h-px-2 v-inner-lg-2 v-inner-md-2 v-inner-2 style-840 style-local-264-c4 position-relative\">\n              <!---->\n              <!---->\n              <div class=\"w-100 h-y-container h-column__content h-column__v-align flex-basis-100 align-self-lg-start align-self-md-start align-self-start\">\n                <!---->\n                <div data-colibri-id=\"264-c5\" class=\"h-text h-text-component style-841 style-local-264-c5 position-relative h-element\">\n                  <!---->\n                  <!---->\n                  <div class=\"\">\n                    <p><span style=\"color: rgb(6, 6, 6);\">A ITAN - <\/span><strong style=\"color: rgb(6, 6, 6); font-weight: 800;\">I<\/strong><span style=\"color: rgb(6, 6, 6);\">DEAL <\/span><strong style=\"color: rgb(6, 6, 6); font-weight: 800;\">T<\/strong>\n                      <span\n                        style=\"color: rgb(6, 6, 6);\">ransformative <\/span><strong style=\"color: rgb(6, 6, 6); font-weight: 800;\">A<\/strong><span style=\"color: rgb(6, 6, 6);\">daptation <\/span><strong style=\"color: rgb(6, 6, 6); font-weight: 800;\">N<\/strong><span style=\"color: rgb(6, 6, 6);\">etwork- conecta institui\u00e7\u00f5es, territ\u00f3rios e pessoas co-construindo estrat\u00e9gias de coviabilidade no Brasil. A ITAN \u00e9 formada por todas as institui\u00e7\u00f5es inclu\u00eddas no LMI IDEAL, em associa\u00e7\u00e3o com as comunidades locais co-construindo nossos projetos de pesquisa e governan\u00e7a. A Rede ITAN promover\u00e1 atividades de pesquisa e forma\u00e7\u00e3o para pesquisadores, estudantes, lideran\u00e7as comunit\u00e1rias, professores e gestores p\u00fablicos. De forma importante, a ITAN garante que experi\u00eancias de sucesso em nossos estudos de caso rapidamente alcancem outras comunidades e estados envolvidos no LMI IDEAL. Al\u00e9m de nossos estudos de caso, a Rede ITAN inclui parceiros associados, como o INCT Odisseia, que est\u00e1 cooperando com o IDEAL no desenvolvimento de inovadoras ferramentas de integra\u00e7\u00e3o, visualiza\u00e7\u00e3o e an\u00e1lise de dados. Espera-se que essas ferramentas sejam disponibilizadas como parte de um novo Observat\u00f3rio conjunto -- co-desenvolvildo pelo IDEAL  e Odisseia -- para prover indicadores de coviabilidade para a regi\u00e3o Nordeste do Brasil. As seguintes institui\u00e7\u00f5es s\u00e3o parte da Rede ITAN:<\/span><\/p>\n                  <\/div>\n                <\/div>\n              <\/div>\n            <\/div>\n          <\/div>\n        <\/div>\n      <\/div>\n      <div data-colibri-id=\"264-c6\" class=\"h-row-container gutters-row-lg-0 gutters-row-md-0 gutters-row-0 gutters-row-v-lg-0 gutters-row-v-md-0 gutters-row-v-0 style-856 style-local-264-c6 position-relative\">\n        <!---->\n        <div class=\"h-row justify-content-lg-center justify-content-md-center justify-content-center align-items-lg-stretch align-items-md-stretch align-items-stretch gutters-col-lg-0 gutters-col-md-0 gutters-col-0 gutters-col-v-lg-0 gutters-col-v-md-0 gutters-col-v-0\">\n          <!---->\n          <div class=\"h-column h-column-container d-flex h-col-lg-auto h-col-md-auto h-col-auto style-857-outer style-local-264-c7-outer\">\n            <div data-colibri-id=\"264-c7\" class=\"d-flex h-flex-basis h-column__inner h-px-lg-2 h-px-md-2 h-px-2 v-inner-lg-2 v-inner-md-2 v-inner-2 style-857 style-local-264-c7 position-relative\">\n              <!---->\n              <!---->\n              <div class=\"w-100 h-y-container h-column__content h-column__v-align flex-basis-100 align-self-lg-start align-self-md-start align-self-start\">\n                <!---->\n                <div data-colibri-id=\"264-c8\" class=\"d-block style-855 style-local-264-c8 position-relative h-element\">\n                  <!---->\n                  <div class=\"h-image__frame-container-outer\">\n                    <div class=\"h-image__frame-container\">\n                      <!---->\n                      <!---->\n                      <img decoding=\"async\" src=\"http:\/\/ideal.ufpb.br\/wp-content\/uploads\/2023\/05\/itan23.jpg\" class=\"wp-image-2700 style-855-image style-local-264-c8-image\" alt=\"\" \/>\n                      <div class=\"h-image__frame h-hide-lg h-hide-md h-hide-sm style-855-frameImage style-local-264-c8-frameImage\"><\/div>\n                    <\/div>\n                  <\/div>\n                <\/div>\n              <\/div>\n            <\/div>\n          <\/div>\n          <div class=\"h-column h-column-container d-flex h-col-lg-auto h-col-md-auto h-col-auto style-858-outer style-local-264-c9-outer\">\n            <div data-colibri-id=\"264-c9\" class=\"d-flex h-flex-basis h-column__inner h-px-lg-2 h-px-md-2 h-px-2 v-inner-lg-2 v-inner-md-2 v-inner-2 style-858 style-local-264-c9 position-relative\">\n              <!---->\n              <!---->\n              <div class=\"w-100 h-y-container h-column__content h-column__v-align flex-basis-100 align-self-lg-start align-self-md-start align-self-start\">\n                <!---->\n                <div data-colibri-id=\"264-c10\" class=\"h-text h-text-component style-859 style-local-264-c10 position-relative h-element\">\n                  <!---->\n                  <!---->\n                  <div class=\"\">\n                    <p><strong style=\"color: rgb(3, 3, 3); font-weight: 800;\">Brasil<\/strong><\/p>\n                    <p><span style=\"color: rgb(0, 0, 0); font-size: 100%;\">Universidade Federal da Para\u00edba (UFPB)<br>Funda\u00e7\u00e3o Cearense de Metereologia e Recursos H\u00eddricos (FUNCEME)<br>Universidade Federal do Rio Grande do Norte (UFRN)<br>Centro Nacional de Pesquisa e Conserva\u00e7\u00e3o de Aves Silvestres (ICMBio\/CEMAVE)<\/span>\n                      <span\n                        style=\"font-size: 100%;\">\n                        <br>\n                        <\/span><span style=\"font-size: 100%; color: rgb(0, 0, 0); font-family: &quot;Open Sans&quot;; font-weight: 400;\">INCT Odisseia (Universidade de Bras\u00edlia)<\/span><span style=\"font-size: 100%;\"><br><\/span><span style=\"font-size: 100%; color: rgb(0, 0, 0); font-family: &quot;Open Sans&quot;; font-weight: 400;\">INCT OndaCBC (Universidade Federal de Pernambuco)<\/span>\n                        <span\n                          style=\"color: rgb(0, 0, 0); font-size: 100%;\">\n                          <br>Escola Polit\u00e9cnica, Universidade de S\u00e3o Paulo (POLI-USP)\n                          <br>Global Biodiversity Information Facility - GBIF Brasil<\/span><strong style=\"font-weight: 800; color: rgb(3, 3, 3);\"><br><br>Fran\u00e7a<\/strong><\/p>\n                    <p><span style=\"font-size: 100%; color: rgb(0, 0, 0);\">Instituto Franc\u00eas de Pesquisa para o Desenvolvimento Sustent\u00e1vel (IRD)<br>Institut M\u00e9diterran\u00e9en de Biodiversit\u00e9 et d\u2019Ecologie Marine et Continentale (IMBE)<br>UMR IRD Patrimoines Locaux , Environnement et Globalisation (PALOC)<br>UMR IRD Unit\u00e9 de Mod\u00e9lisation Math\u00e9matique et Informatique des Syst\u00e8mes Complexes (UMMISCO)<br>GBIF France<\/span><\/p>\n                  <\/div>\n                <\/div>\n              <\/div>\n            <\/div>\n          <\/div>\n        <\/div>\n      <\/div>\n    <\/div>\n  <\/div>\n  <div data-colibri-component=\"section\" data-colibri-id=\"264-c11\" id=\"reusable-sections-2\" class=\"h-section h-section-global-spacing d-flex align-items-lg-center align-items-md-center align-items-center style-907 style-local-264-c11 position-relative\">\n    <!---->\n    <!---->\n    <div class=\"h-section-grid-container h-section-boxed-container\">\n      <!---->\n      <div data-colibri-id=\"264-c12\" class=\"h-row-container gutters-row-lg-2 gutters-row-md-2 gutters-row-0 gutters-row-v-lg-2 gutters-row-v-md-2 gutters-row-v-2 style-931 style-local-264-c12 position-relative\">\n        <!---->\n        <div class=\"h-row justify-content-lg-center justify-content-md-center justify-content-center align-items-lg-stretch align-items-md-stretch align-items-stretch gutters-col-lg-2 gutters-col-md-2 gutters-col-0 gutters-col-v-lg-2 gutters-col-v-md-2 gutters-col-v-2\">\n          <!---->\n          <div class=\"h-column h-column-container d-flex h-col-lg-auto h-col-md-auto h-col-auto style-932-outer style-local-264-c13-outer\">\n            <div data-colibri-id=\"264-c13\" class=\"d-flex h-flex-basis h-column__inner h-px-lg-2 h-px-md-2 h-px-2 v-inner-lg-2 v-inner-md-2 v-inner-2 style-932 style-local-264-c13 position-relative\">\n              <!---->\n              <!---->\n              <div class=\"w-100 h-y-container h-column__content h-column__v-align flex-basis-100 align-self-lg-start align-self-md-start align-self-start\">\n                <!---->\n                <div data-colibri-id=\"264-c14\" class=\"h-text h-text-component style-934 style-local-264-c14 position-relative h-element\">\n                  <!---->\n                  <!---->\n                  <div class=\"\">\n                    <p>Em adi\u00e7\u00e3o aos recursos providos pelo IRD, o LMI IDEAL atualmente tem projetos financiados pela Funda\u00e7\u00e3o de Apoio \u00e0 Pesquisa do Estado da Para\u00edba (FAPESQ-PB), especifiamente o projet DATAPB e o PRONEX Biodiversiade da Para\u00edba, assim como bolsas PDJ e PDCTR da FAPESQ\/CNPq aprovadas; e bolsas e aux\u00edlios FUNBIO, CAPES e CNPq apoiando alunos de doutorado.<\/p>\n                  <\/div>\n                <\/div>\n              <\/div>\n            <\/div>\n          <\/div>\n        <\/div>\n      <\/div>\n      <div data-colibri-id=\"264-c15\" class=\"h-row-container gutters-row-lg-2 gutters-row-md-2 gutters-row-0 gutters-row-v-lg-2 gutters-row-v-md-2 gutters-row-v-2 style-908 style-local-264-c15 position-relative\">\n        <!---->\n        <div class=\"h-row justify-content-lg-center justify-content-md-center justify-content-center align-items-lg-stretch align-items-md-stretch align-items-stretch gutters-col-lg-2 gutters-col-md-2 gutters-col-0 gutters-col-v-lg-2 gutters-col-v-md-2 gutters-col-v-2\">\n          <!---->\n          <div class=\"h-column h-column-container d-flex h-col-lg-auto h-col-md-auto h-col-auto style-909-outer style-local-264-c16-outer\">\n            <div data-colibri-id=\"264-c16\" class=\"d-flex h-flex-basis h-column__inner h-px-lg-2 h-px-md-2 h-px-2 v-inner-lg-2 v-inner-md-2 v-inner-2 style-909 style-local-264-c16 position-relative\">\n              <!---->\n              <!---->\n              <div class=\"w-100 h-y-container h-column__content h-column__v-align flex-basis-100 align-self-lg-start align-self-md-start align-self-start\">\n                <!---->\n                <div data-colibri-id=\"264-c17\" data-aos=\"fadeInDown\" class=\"d-block style-910 style-local-264-c17 position-relative h-element\">\n                  <!---->\n                  <div class=\"h-image__frame-container-outer\">\n                    <div class=\"h-image__frame-container\">\n                      <!---->\n                      <!---->\n                      <img decoding=\"async\" src=\"http:\/\/ideal.ufpb.br\/wp-content\/uploads\/2023\/05\/cropped-cropped-cropped-logfim4-scaled-1.jpg\" class=\"wp-image-2967 style-910-image style-local-264-c17-image\" alt=\"\" \/>\n                      <div class=\"h-image__frame h-hide-lg h-hide-md h-hide-sm style-910-frameImage style-local-264-c17-frameImage\"><\/div>\n                    <\/div>\n                  <\/div>\n                <\/div>\n              <\/div>\n            <\/div>\n          <\/div>\n        <\/div>\n      <\/div>\n    <\/div>\n  <\/div>\n<\/div>","protected":false},"excerpt":{"rendered":"<p>ITAN &#8211; the IDEAL T ransformative Adaptation Network &#8211; connects institutions, territories, and people co-constructing coviability strategies in Brazil. ITAN is formed by all the institutions included in the IDEAL IJL, in association with local communities co-constructing our research and governance projects. The ITAN network will promote research and training activities for researchers, students, community [&hellip;]<\/p>","protected":false},"author":2,"featured_media":0,"parent":0,"menu_order":0,"comment_status":"closed","ping_status":"closed","template":"page-templates\/full-width-page.php","meta":{"footnotes":""},"class_list":["post-264","page","type-page","status-publish","hentry"],"yoast_head":"<!-- This site is optimized with the Yoast SEO plugin v26.0 - https:\/\/yoast.com\/wordpress\/plugins\/seo\/ -->\n<title>ITAN Network - IDEAL IJL<\/title>\n<meta name=\"robots\" content=\"index, follow, max-snippet:-1, max-image-preview:large, max-video-preview:-1\" \/>\n<link rel=\"canonical\" href=\"https:\/\/ideal.ufpb.br\/pt\/itan\/\" \/>\n<meta property=\"og:locale\" content=\"pt_BR\" \/>\n<meta property=\"og:type\" content=\"article\" \/>\n<meta property=\"og:title\" content=\"ITAN Network - IDEAL IJL\" \/>\n<meta property=\"og:description\" content=\"ITAN &#8211; the IDEAL T ransformative Adaptation Network &#8211; connects institutions, territories, and people co-constructing coviability strategies in Brazil. ITAN is formed by all the institutions included in the IDEAL IJL, in association with local communities co-constructing our research and governance projects. The ITAN network will promote research and training activities for researchers, students, community [&hellip;]\" \/>\n<meta property=\"og:url\" content=\"https:\/\/ideal.ufpb.br\/pt\/itan\/\" \/>\n<meta property=\"og:site_name\" content=\"IDEAL IJL\" \/>\n<meta property=\"article:modified_time\" content=\"2024-04-08T12:32:10+00:00\" \/>\n<meta property=\"og:image\" content=\"http:\/\/ideal.ufpb.br\/wp-content\/uploads\/2023\/05\/cropped-itan22.jpg\" \/>\n<meta name=\"twitter:card\" content=\"summary_large_image\" \/>\n<meta name=\"twitter:label1\" content=\"Est. tempo de leitura\" \/>\n\t<meta name=\"twitter:data1\" content=\"2 minutos\" \/>\n<script type=\"application\/ld+json\" class=\"yoast-schema-graph\">{\"@context\":\"https:\/\/schema.org\",\"@graph\":[{\"@type\":\"WebPage\",\"@id\":\"https:\/\/ideal.ufpb.br\/itan\/\",\"url\":\"https:\/\/ideal.ufpb.br\/itan\/\",\"name\":\"ITAN Network - IDEAL IJL\",\"isPartOf\":{\"@id\":\"https:\/\/ideal.ufpb.br\/pt\/#website\"},\"primaryImageOfPage\":{\"@id\":\"https:\/\/ideal.ufpb.br\/itan\/#primaryimage\"},\"image\":{\"@id\":\"https:\/\/ideal.ufpb.br\/itan\/#primaryimage\"},\"thumbnailUrl\":\"http:\/\/ideal.ufpb.br\/wp-content\/uploads\/2023\/05\/cropped-itan22.jpg\",\"datePublished\":\"2023-05-17T11:20:30+00:00\",\"dateModified\":\"2024-04-08T12:32:10+00:00\",\"inLanguage\":\"pt-BR\",\"potentialAction\":[{\"@type\":\"ReadAction\",\"target\":[\"https:\/\/ideal.ufpb.br\/itan\/\"]}]},{\"@type\":\"ImageObject\",\"inLanguage\":\"pt-BR\",\"@id\":\"https:\/\/ideal.ufpb.br\/itan\/#primaryimage\",\"url\":\"http:\/\/ideal.ufpb.br\/wp-content\/uploads\/2023\/05\/cropped-itan22.jpg\",\"contentUrl\":\"http:\/\/ideal.ufpb.br\/wp-content\/uploads\/2023\/05\/cropped-itan22.jpg\"},{\"@type\":\"WebSite\",\"@id\":\"https:\/\/ideal.ufpb.br\/pt\/#website\",\"url\":\"https:\/\/ideal.ufpb.br\/pt\/\",\"name\":\"IDEAL IJL\",\"description\":\"International Joint Lab on Sustainability\",\"publisher\":{\"@id\":\"https:\/\/ideal.ufpb.br\/pt\/#organization\"},\"potentialAction\":[{\"@type\":\"SearchAction\",\"target\":{\"@type\":\"EntryPoint\",\"urlTemplate\":\"https:\/\/ideal.ufpb.br\/pt\/?s={search_term_string}\"},\"query-input\":{\"@type\":\"PropertyValueSpecification\",\"valueRequired\":true,\"valueName\":\"search_term_string\"}}],\"inLanguage\":\"pt-BR\"},{\"@type\":\"Organization\",\"@id\":\"https:\/\/ideal.ufpb.br\/pt\/#organization\",\"name\":\"International Joint Lab on Sustainability IDEAL\",\"url\":\"https:\/\/ideal.ufpb.br\/pt\/\",\"logo\":{\"@type\":\"ImageObject\",\"inLanguage\":\"pt-BR\",\"@id\":\"https:\/\/ideal.ufpb.br\/pt\/#\/schema\/logo\/image\/\",\"url\":\"https:\/\/ideal.ufpb.br\/wp-content\/uploads\/2025\/09\/Logotipo_mod_Branco-scaled.png\",\"contentUrl\":\"https:\/\/ideal.ufpb.br\/wp-content\/uploads\/2025\/09\/Logotipo_mod_Branco-scaled.png\",\"width\":2560,\"height\":2116,\"caption\":\"International Joint Lab on Sustainability IDEAL\"},\"image\":{\"@id\":\"https:\/\/ideal.ufpb.br\/pt\/#\/schema\/logo\/image\/\"}}]}<\/script>\n<!-- \/ Yoast SEO plugin. -->","yoast_head_json":{"title":"ITAN Network - IDEAL IJL","robots":{"index":"index","follow":"follow","max-snippet":"max-snippet:-1","max-image-preview":"max-image-preview:large","max-video-preview":"max-video-preview:-1"},"canonical":"https:\/\/ideal.ufpb.br\/pt\/itan\/","og_locale":"pt_BR","og_type":"article","og_title":"ITAN Network - IDEAL IJL","og_description":"ITAN &#8211; the IDEAL T ransformative Adaptation Network &#8211; connects institutions, territories, and people co-constructing coviability strategies in Brazil. ITAN is formed by all the institutions included in the IDEAL IJL, in association with local communities co-constructing our research and governance projects. The ITAN network will promote research and training activities for researchers, students, community [&hellip;]","og_url":"https:\/\/ideal.ufpb.br\/pt\/itan\/","og_site_name":"IDEAL IJL","article_modified_time":"2024-04-08T12:32:10+00:00","og_image":[{"url":"http:\/\/ideal.ufpb.br\/wp-content\/uploads\/2023\/05\/cropped-itan22.jpg","type":"","width":"","height":""}],"twitter_card":"summary_large_image","twitter_misc":{"Est. tempo de leitura":"2 minutos"},"schema":{"@context":"https:\/\/schema.org","@graph":[{"@type":"WebPage","@id":"https:\/\/ideal.ufpb.br\/itan\/","url":"https:\/\/ideal.ufpb.br\/itan\/","name":"ITAN Network - IDEAL IJL","isPartOf":{"@id":"https:\/\/ideal.ufpb.br\/pt\/#website"},"primaryImageOfPage":{"@id":"https:\/\/ideal.ufpb.br\/itan\/#primaryimage"},"image":{"@id":"https:\/\/ideal.ufpb.br\/itan\/#primaryimage"},"thumbnailUrl":"http:\/\/ideal.ufpb.br\/wp-content\/uploads\/2023\/05\/cropped-itan22.jpg","datePublished":"2023-05-17T11:20:30+00:00","dateModified":"2024-04-08T12:32:10+00:00","inLanguage":"pt-BR","potentialAction":[{"@type":"ReadAction","target":["https:\/\/ideal.ufpb.br\/itan\/"]}]},{"@type":"ImageObject","inLanguage":"pt-BR","@id":"https:\/\/ideal.ufpb.br\/itan\/#primaryimage","url":"http:\/\/ideal.ufpb.br\/wp-content\/uploads\/2023\/05\/cropped-itan22.jpg","contentUrl":"http:\/\/ideal.ufpb.br\/wp-content\/uploads\/2023\/05\/cropped-itan22.jpg"},{"@type":"WebSite","@id":"https:\/\/ideal.ufpb.br\/pt\/#website","url":"https:\/\/ideal.ufpb.br\/pt\/","name":"IDEAL IJL","description":"International Joint Lab on Sustainability","publisher":{"@id":"https:\/\/ideal.ufpb.br\/pt\/#organization"},"potentialAction":[{"@type":"SearchAction","target":{"@type":"EntryPoint","urlTemplate":"https:\/\/ideal.ufpb.br\/pt\/?s={search_term_string}"},"query-input":{"@type":"PropertyValueSpecification","valueRequired":true,"valueName":"search_term_string"}}],"inLanguage":"pt-BR"},{"@type":"Organization","@id":"https:\/\/ideal.ufpb.br\/pt\/#organization","name":"International Joint Lab on Sustainability IDEAL","url":"https:\/\/ideal.ufpb.br\/pt\/","logo":{"@type":"ImageObject","inLanguage":"pt-BR","@id":"https:\/\/ideal.ufpb.br\/pt\/#\/schema\/logo\/image\/","url":"https:\/\/ideal.ufpb.br\/wp-content\/uploads\/2025\/09\/Logotipo_mod_Branco-scaled.png","contentUrl":"https:\/\/ideal.ufpb.br\/wp-content\/uploads\/2025\/09\/Logotipo_mod_Branco-scaled.png","width":2560,"height":2116,"caption":"International Joint Lab on Sustainability IDEAL"},"image":{"@id":"https:\/\/ideal.ufpb.br\/pt\/#\/schema\/logo\/image\/"}}]}},"_links":{"self":[{"href":"https:\/\/ideal.ufpb.br\/pt\/wp-json\/wp\/v2\/pages\/264","targetHints":{"allow":["GET"]}}],"collection":[{"href":"https:\/\/ideal.ufpb.br\/pt\/wp-json\/wp\/v2\/pages"}],"about":[{"href":"https:\/\/ideal.ufpb.br\/pt\/wp-json\/wp\/v2\/types\/page"}],"author":[{"embeddable":true,"href":"https:\/\/ideal.ufpb.br\/pt\/wp-json\/wp\/v2\/users\/2"}],"replies":[{"embeddable":true,"href":"https:\/\/ideal.ufpb.br\/pt\/wp-json\/wp\/v2\/comments?post=264"}],"version-history":[{"count":2,"href":"https:\/\/ideal.ufpb.br\/pt\/wp-json\/wp\/v2\/pages\/264\/revisions"}],"predecessor-version":[{"id":4661,"href":"https:\/\/ideal.ufpb.br\/pt\/wp-json\/wp\/v2\/pages\/264\/revisions\/4661"}],"wp:attachment":[{"href":"https:\/\/ideal.ufpb.br\/pt\/wp-json\/wp\/v2\/media?parent=264"}],"curies":[{"name":"wp","href":"https:\/\/api.w.org\/{rel}","templated":true}]}}