{"id":273,"date":"2023-05-17T08:25:53","date_gmt":"2023-05-17T11:25:53","guid":{"rendered":"http:\/\/ideal.ufpb.br\/?page_id=273"},"modified":"2024-04-05T12:05:36","modified_gmt":"2024-04-05T15:05:36","slug":"study-cases","status":"publish","type":"page","link":"https:\/\/ideal.ufpb.br\/pt\/study-cases\/","title":{"rendered":"Estudos de Caso"},"content":{"rendered":"<div data-colibri-id=\"273-c1\" class=\"style-804 style-local-273-c1 position-relative\">\n  <!---->\n  <div data-colibri-component=\"section\" data-colibri-id=\"273-c2\" id=\"reusable-sections-3\" class=\"h-section h-section-global-spacing d-flex align-items-lg-center align-items-md-center align-items-center style-823 style-local-273-c2 position-relative\">\n    <div class=\"background-wrapper\">\n      <div class=\"background-layer background-layer-media-container-lg\">\n        <div data-enabled=\"true\" data-colibri-component=\"parallax\" class=\"background-layer paraxify\" model-id=\"273-c2\" media=\"desktop\" is-preview=\"true\" style=\"background-image: url(&quot;http:\/\/ideal.ufpb.br\/wp-content\/uploads\/2023\/05\/cropped-cropped-AdobeStock_502547769-scaled-1.jpg&quot;);\"><\/div>\n        <div class=\"overlay-layer\">\n          <div class=\"overlay-image-layer\" style=\"background-color: rgb(255, 255, 255); opacity: 0.73;\"><\/div>\n        <\/div>\n      <\/div>\n      <div class=\"background-layer background-layer-media-container-md\">\n        <div data-enabled=\"true\" data-colibri-component=\"parallax\" class=\"background-layer paraxify\" model-id=\"273-c2\" media=\"tablet\" is-preview=\"true\" style=\"background-image: url(&quot;http:\/\/ideal.ufpb.br\/wp-content\/uploads\/2023\/05\/cropped-cropped-AdobeStock_502547769-scaled-1.jpg&quot;);\"><\/div>\n        <div class=\"overlay-layer\">\n          <div class=\"overlay-image-layer\" style=\"background-color: rgb(255, 255, 255); opacity: 0.73;\"><\/div>\n        <\/div>\n      <\/div>\n      <div class=\"background-layer background-layer-media-container\">\n        <div data-enabled=\"true\" data-colibri-component=\"parallax\" class=\"background-layer paraxify\" model-id=\"273-c2\" media=\"mobile\" is-preview=\"true\" style=\"background-image: url(&quot;http:\/\/ideal.ufpb.br\/wp-content\/uploads\/2023\/05\/cropped-cropped-AdobeStock_502547769-scaled-1.jpg&quot;);\"><\/div>\n        <div class=\"overlay-layer\">\n          <div class=\"overlay-image-layer\" style=\"background-color: rgb(255, 255, 255); opacity: 0.73;\"><\/div>\n        <\/div>\n      <\/div>\n    <\/div>\n    <!---->\n    <div class=\"h-section-grid-container h-section-boxed-container\">\n      <!---->\n      <div data-colibri-id=\"273-c3\" class=\"h-row-container gutters-row-lg-2 gutters-row-md-2 gutters-row-0 gutters-row-v-lg-2 gutters-row-v-md-2 gutters-row-v-2 style-824 style-local-273-c3 position-relative\">\n        <!---->\n        <div class=\"h-row justify-content-lg-center justify-content-md-center justify-content-center align-items-lg-stretch align-items-md-stretch align-items-stretch gutters-col-lg-2 gutters-col-md-2 gutters-col-0 gutters-col-v-lg-2 gutters-col-v-md-2 gutters-col-v-2\">\n          <!---->\n          <div class=\"h-column h-column-container d-flex h-col-lg-auto h-col-md-auto h-col-auto style-825-outer style-local-273-c4-outer\">\n            <div data-colibri-id=\"273-c4\" class=\"d-flex h-flex-basis h-column__inner h-px-lg-2 h-px-md-2 h-px-2 v-inner-lg-2 v-inner-md-2 v-inner-2 style-825 style-local-273-c4 position-relative\">\n              <!---->\n              <!---->\n              <div class=\"w-100 h-y-container h-column__content h-column__v-align flex-basis-100 align-self-lg-start align-self-md-start align-self-start\">\n                <!---->\n                <div data-colibri-id=\"273-c5\" class=\"h-text h-text-component style-836 style-local-273-c5 position-relative h-element\">\n                  <!---->\n                  <!---->\n                  <div class=\"\">\n                    <p><span style=\"color: rgb(6, 6, 6);\">O LMI IDEAL desenvolve uma abordagem multi-escala para a coviabilidade. Nas escalas local e regional, temos estudos de caso que aplicam uma abordagem comum combinando big data, intelig\u00eancia artificial e pesquisa participativa para promover projetos de pesquisa e governan\u00e7a visando a compreens\u00e3o e o manejo da coviabilidade s\u00f3cio-ecol\u00f3gica. Um resumo de nossos estudos de caso \u00e9 fornecido abaixo e mais informa\u00e7\u00f5es ser\u00e3o adicionados a este website nos pr\u00f3ximos meses.<\/span><\/p>\n                    <p><strong style=\"font-weight: 800; color: rgb(6, 6, 6);\">Para\u00edba: rumo a um corredor agroecol\u00f3gico conectando hotspots de biodiversidade e comunidades locais em busca de transi\u00e7\u00f5es agroecol\u00f3gicas no extremo norte do bioma Floresta Atl\u00e2ntica.<\/strong>\n                      <span\n                        style=\"font-weight: 600; color: rgb(6, 6, 6);\"> <\/span><span style=\"color: rgb(6, 6, 6);\">O estudo de caso da Para\u00edba \u00e9 liderado pela Universidade Federal da Para\u00edba e est\u00e1 focado na necessidade, em longo prazo, do estabelecimento de um corredor ecol\u00f3gico conectando alguns dos principais remanescentes de Floresta Atl\u00e2ntica no Centro de Endemismo Pernambuco. Nesse contexto, os membros do LMI est\u00e3o combinando diagn\u00f3sticos participativos e modelos de transi\u00e7\u00f5es agroecol\u00f3gicas que integram inclus\u00e3o s\u00f3cio-produtiva e conserva\u00e7\u00e3o e restaura\u00e7\u00e3o da biodiversidade em escala de paisagem.<\/span><\/p>\n                    <p><strong style=\"color: rgb(6, 6, 6); font-weight: 800;\">Cear\u00e1: intelig\u00eancia de dados para a governan\u00e7a de recursos h\u00eddricos e agricultura familiar resolvendo conflitos s\u00f3cio-ambientais na Caatinga. <\/strong><span style=\"color: rgb(6, 6, 6);\">O estudo de caso do Cear\u00e1 \u00e9 liderado pela Funda\u00e7\u00e3o Cearense de Metereologia e Recursos H\u00eddricos (FUNCEME) e se foca na aplica\u00e7\u00e3o da intelig\u00eancia de dados para a governan\u00e7a de recursos h\u00eddricos no bioma Caatinga. Esse estudo de caso promove pesquisa participativa associada \u00e0 governan\u00e7a da \u00e1gua, em associa\u00e7\u00e3o com estrat\u00e9gias de sustentabilidade para territ\u00f3rios rurais de Quixeramobim, Milh\u00e3 e Piquet Carneiro.<\/span><\/p>\n                    <p><strong style=\"color: rgb(6, 6, 6); font-weight: 800;\">Rio Grande do Norte: restaurando a vegeta\u00e7\u00e3o da Caatinga para combater a desertifica\u00e7\u00e3o e a vulnerabilidade social conjuntamente. <\/strong><span style=\"color: rgb(6, 6, 6);\">O estudo de caso do Rio Grande do Norte \u00e9 liderado pela Universidade Federal do Rio Grande do Norte no contexto de um projeto estabelecido na Floresta Nacional de A\u00e7u, o qual ganhou aten\u00e7\u00e3o internacional em fun\u00e7\u00e3o de um m\u00e9todo inovador de restaura\u00e7\u00e3o da vegeta\u00e7\u00e3o da Caatinga. Nesse caso, o desenvolvimento de produtos baseados na biodiversidade da Caatinga desponta como uma oportunidade para inclus\u00e3o de grupos socialmente vulner\u00e1veis. Esse estudo de caso promover\u00e1 pesquisa apoiando a inclus\u00e3o social por meio do desenvolvimento de produtos baseados na biodiversidade em \u00e1reas de restaura\u00e7\u00e3o da Caatinga.<\/span><\/p>\n                    <p>\n                      <br>\n                    <\/p>\n                  <\/div>\n                <\/div>\n              <\/div>\n            <\/div>\n          <\/div>\n        <\/div>\n      <\/div>\n    <\/div>\n  <\/div>\n  <div data-colibri-component=\"section\" data-colibri-id=\"273-c6\" id=\"reusable-sections\" class=\"h-section h-section-global-spacing d-flex align-items-lg-center align-items-md-center align-items-center style-923 style-local-273-c6 position-relative\">\n    <!---->\n    <!---->\n    <div class=\"h-section-grid-container h-section-boxed-container\">\n      <!---->\n      <div data-colibri-id=\"273-c7\" class=\"h-row-container gutters-row-lg-2 gutters-row-md-2 gutters-row-0 gutters-row-v-lg-2 gutters-row-v-md-2 gutters-row-v-2 style-924 style-local-273-c7 position-relative\">\n        <!---->\n        <div class=\"h-row justify-content-lg-center justify-content-md-center justify-content-center align-items-lg-stretch align-items-md-stretch align-items-stretch gutters-col-lg-2 gutters-col-md-2 gutters-col-0 gutters-col-v-lg-2 gutters-col-v-md-2 gutters-col-v-2\">\n          <!---->\n          <div class=\"h-column h-column-container d-flex h-col-lg-auto h-col-md-auto h-col-auto style-925-outer style-local-273-c8-outer\">\n            <div data-colibri-id=\"273-c8\" class=\"d-flex h-flex-basis h-column__inner h-px-lg-2 h-px-md-2 h-px-2 v-inner-lg-2 v-inner-md-2 v-inner-2 style-925 style-local-273-c8 position-relative\">\n              <!---->\n              <!---->\n              <div class=\"w-100 h-y-container h-column__content h-column__v-align flex-basis-100 align-self-lg-start align-self-md-start align-self-start\">\n                <!---->\n                <div data-colibri-id=\"273-c9\" data-aos=\"fadeInDown\" class=\"d-block style-926 style-local-273-c9 position-relative h-element\">\n                  <!---->\n                  <div class=\"h-image__frame-container-outer\">\n                    <div class=\"h-image__frame-container\">\n                      <!---->\n                      <!---->\n                      <img decoding=\"async\" src=\"http:\/\/ideal.ufpb.br\/wp-content\/uploads\/2023\/05\/cropped-cropped-cropped-logfim4-scaled-1.jpg\" class=\"wp-image-2967 style-926-image style-local-273-c9-image\" alt=\"\" \/>\n                      <div class=\"h-image__frame h-hide-lg h-hide-md h-hide-sm style-926-frameImage style-local-273-c9-frameImage\"><\/div>\n                    <\/div>\n                  <\/div>\n                <\/div>\n              <\/div>\n            <\/div>\n          <\/div>\n        <\/div>\n      <\/div>\n    <\/div>\n  <\/div>\n<\/div>","protected":false},"excerpt":{"rendered":"<p>The IDEAL IJL develops a multi-scale approach to socio-ecological coviability. At the local and regional scales, we address case studies applying a common framework combining big data, artificial intelligence and participatory research to promote research and governance projects aimed at understanding and managing socio-ecological coviability. A summary of our case studies follows below and more [&hellip;]<\/p>","protected":false},"author":4,"featured_media":0,"parent":0,"menu_order":0,"comment_status":"closed","ping_status":"closed","template":"page-templates\/full-width-page.php","meta":{"footnotes":""},"class_list":["post-273","page","type-page","status-publish","hentry"],"yoast_head":"<!-- This site is optimized with the Yoast SEO plugin v26.0 - https:\/\/yoast.com\/wordpress\/plugins\/seo\/ -->\n<title>Case Studies - IDEAL IJL<\/title>\n<meta name=\"robots\" content=\"index, follow, max-snippet:-1, max-image-preview:large, max-video-preview:-1\" \/>\n<link rel=\"canonical\" href=\"https:\/\/ideal.ufpb.br\/pt\/study-cases\/\" \/>\n<meta property=\"og:locale\" content=\"pt_BR\" \/>\n<meta property=\"og:type\" content=\"article\" \/>\n<meta property=\"og:title\" content=\"Case Studies - IDEAL IJL\" \/>\n<meta property=\"og:description\" content=\"The IDEAL IJL develops a multi-scale approach to socio-ecological coviability. At the local and regional scales, we address case studies applying a common framework combining big data, artificial intelligence and participatory research to promote research and governance projects aimed at understanding and managing socio-ecological coviability. A summary of our case studies follows below and more [&hellip;]\" \/>\n<meta property=\"og:url\" content=\"https:\/\/ideal.ufpb.br\/pt\/study-cases\/\" \/>\n<meta property=\"og:site_name\" content=\"IDEAL IJL\" \/>\n<meta property=\"article:modified_time\" content=\"2024-04-05T15:05:36+00:00\" \/>\n<meta property=\"og:image\" content=\"http:\/\/ideal.ufpb.br\/wp-content\/uploads\/2023\/05\/cropped-cropped-cropped-logfim4-scaled-1.jpg\" \/>\n<meta name=\"twitter:card\" content=\"summary_large_image\" \/>\n<meta name=\"twitter:label1\" content=\"Est. tempo de leitura\" \/>\n\t<meta name=\"twitter:data1\" content=\"2 minutos\" \/>\n<script type=\"application\/ld+json\" class=\"yoast-schema-graph\">{\"@context\":\"https:\/\/schema.org\",\"@graph\":[{\"@type\":\"WebPage\",\"@id\":\"https:\/\/ideal.ufpb.br\/study-cases\/\",\"url\":\"https:\/\/ideal.ufpb.br\/study-cases\/\",\"name\":\"Case Studies - IDEAL IJL\",\"isPartOf\":{\"@id\":\"https:\/\/ideal.ufpb.br\/pt\/#website\"},\"primaryImageOfPage\":{\"@id\":\"https:\/\/ideal.ufpb.br\/study-cases\/#primaryimage\"},\"image\":{\"@id\":\"https:\/\/ideal.ufpb.br\/study-cases\/#primaryimage\"},\"thumbnailUrl\":\"http:\/\/ideal.ufpb.br\/wp-content\/uploads\/2023\/05\/cropped-cropped-cropped-logfim4-scaled-1.jpg\",\"datePublished\":\"2023-05-17T11:25:53+00:00\",\"dateModified\":\"2024-04-05T15:05:36+00:00\",\"inLanguage\":\"pt-BR\",\"potentialAction\":[{\"@type\":\"ReadAction\",\"target\":[\"https:\/\/ideal.ufpb.br\/study-cases\/\"]}]},{\"@type\":\"ImageObject\",\"inLanguage\":\"pt-BR\",\"@id\":\"https:\/\/ideal.ufpb.br\/study-cases\/#primaryimage\",\"url\":\"http:\/\/ideal.ufpb.br\/wp-content\/uploads\/2023\/05\/cropped-cropped-cropped-logfim4-scaled-1.jpg\",\"contentUrl\":\"http:\/\/ideal.ufpb.br\/wp-content\/uploads\/2023\/05\/cropped-cropped-cropped-logfim4-scaled-1.jpg\"},{\"@type\":\"WebSite\",\"@id\":\"https:\/\/ideal.ufpb.br\/pt\/#website\",\"url\":\"https:\/\/ideal.ufpb.br\/pt\/\",\"name\":\"IDEAL IJL\",\"description\":\"International Joint Lab on Sustainability\",\"publisher\":{\"@id\":\"https:\/\/ideal.ufpb.br\/pt\/#organization\"},\"potentialAction\":[{\"@type\":\"SearchAction\",\"target\":{\"@type\":\"EntryPoint\",\"urlTemplate\":\"https:\/\/ideal.ufpb.br\/pt\/?s={search_term_string}\"},\"query-input\":{\"@type\":\"PropertyValueSpecification\",\"valueRequired\":true,\"valueName\":\"search_term_string\"}}],\"inLanguage\":\"pt-BR\"},{\"@type\":\"Organization\",\"@id\":\"https:\/\/ideal.ufpb.br\/pt\/#organization\",\"name\":\"International Joint Lab on Sustainability IDEAL\",\"url\":\"https:\/\/ideal.ufpb.br\/pt\/\",\"logo\":{\"@type\":\"ImageObject\",\"inLanguage\":\"pt-BR\",\"@id\":\"https:\/\/ideal.ufpb.br\/pt\/#\/schema\/logo\/image\/\",\"url\":\"https:\/\/ideal.ufpb.br\/wp-content\/uploads\/2025\/09\/Logotipo_mod_Branco-scaled.png\",\"contentUrl\":\"https:\/\/ideal.ufpb.br\/wp-content\/uploads\/2025\/09\/Logotipo_mod_Branco-scaled.png\",\"width\":2560,\"height\":2116,\"caption\":\"International Joint Lab on Sustainability IDEAL\"},\"image\":{\"@id\":\"https:\/\/ideal.ufpb.br\/pt\/#\/schema\/logo\/image\/\"}}]}<\/script>\n<!-- \/ Yoast SEO plugin. -->","yoast_head_json":{"title":"Case Studies - IDEAL IJL","robots":{"index":"index","follow":"follow","max-snippet":"max-snippet:-1","max-image-preview":"max-image-preview:large","max-video-preview":"max-video-preview:-1"},"canonical":"https:\/\/ideal.ufpb.br\/pt\/study-cases\/","og_locale":"pt_BR","og_type":"article","og_title":"Case Studies - IDEAL IJL","og_description":"The IDEAL IJL develops a multi-scale approach to socio-ecological coviability. At the local and regional scales, we address case studies applying a common framework combining big data, artificial intelligence and participatory research to promote research and governance projects aimed at understanding and managing socio-ecological coviability. A summary of our case studies follows below and more [&hellip;]","og_url":"https:\/\/ideal.ufpb.br\/pt\/study-cases\/","og_site_name":"IDEAL IJL","article_modified_time":"2024-04-05T15:05:36+00:00","og_image":[{"url":"http:\/\/ideal.ufpb.br\/wp-content\/uploads\/2023\/05\/cropped-cropped-cropped-logfim4-scaled-1.jpg","type":"","width":"","height":""}],"twitter_card":"summary_large_image","twitter_misc":{"Est. tempo de leitura":"2 minutos"},"schema":{"@context":"https:\/\/schema.org","@graph":[{"@type":"WebPage","@id":"https:\/\/ideal.ufpb.br\/study-cases\/","url":"https:\/\/ideal.ufpb.br\/study-cases\/","name":"Case Studies - IDEAL IJL","isPartOf":{"@id":"https:\/\/ideal.ufpb.br\/pt\/#website"},"primaryImageOfPage":{"@id":"https:\/\/ideal.ufpb.br\/study-cases\/#primaryimage"},"image":{"@id":"https:\/\/ideal.ufpb.br\/study-cases\/#primaryimage"},"thumbnailUrl":"http:\/\/ideal.ufpb.br\/wp-content\/uploads\/2023\/05\/cropped-cropped-cropped-logfim4-scaled-1.jpg","datePublished":"2023-05-17T11:25:53+00:00","dateModified":"2024-04-05T15:05:36+00:00","inLanguage":"pt-BR","potentialAction":[{"@type":"ReadAction","target":["https:\/\/ideal.ufpb.br\/study-cases\/"]}]},{"@type":"ImageObject","inLanguage":"pt-BR","@id":"https:\/\/ideal.ufpb.br\/study-cases\/#primaryimage","url":"http:\/\/ideal.ufpb.br\/wp-content\/uploads\/2023\/05\/cropped-cropped-cropped-logfim4-scaled-1.jpg","contentUrl":"http:\/\/ideal.ufpb.br\/wp-content\/uploads\/2023\/05\/cropped-cropped-cropped-logfim4-scaled-1.jpg"},{"@type":"WebSite","@id":"https:\/\/ideal.ufpb.br\/pt\/#website","url":"https:\/\/ideal.ufpb.br\/pt\/","name":"IDEAL IJL","description":"International Joint Lab on Sustainability","publisher":{"@id":"https:\/\/ideal.ufpb.br\/pt\/#organization"},"potentialAction":[{"@type":"SearchAction","target":{"@type":"EntryPoint","urlTemplate":"https:\/\/ideal.ufpb.br\/pt\/?s={search_term_string}"},"query-input":{"@type":"PropertyValueSpecification","valueRequired":true,"valueName":"search_term_string"}}],"inLanguage":"pt-BR"},{"@type":"Organization","@id":"https:\/\/ideal.ufpb.br\/pt\/#organization","name":"International Joint Lab on Sustainability IDEAL","url":"https:\/\/ideal.ufpb.br\/pt\/","logo":{"@type":"ImageObject","inLanguage":"pt-BR","@id":"https:\/\/ideal.ufpb.br\/pt\/#\/schema\/logo\/image\/","url":"https:\/\/ideal.ufpb.br\/wp-content\/uploads\/2025\/09\/Logotipo_mod_Branco-scaled.png","contentUrl":"https:\/\/ideal.ufpb.br\/wp-content\/uploads\/2025\/09\/Logotipo_mod_Branco-scaled.png","width":2560,"height":2116,"caption":"International Joint Lab on Sustainability IDEAL"},"image":{"@id":"https:\/\/ideal.ufpb.br\/pt\/#\/schema\/logo\/image\/"}}]}},"_links":{"self":[{"href":"https:\/\/ideal.ufpb.br\/pt\/wp-json\/wp\/v2\/pages\/273","targetHints":{"allow":["GET"]}}],"collection":[{"href":"https:\/\/ideal.ufpb.br\/pt\/wp-json\/wp\/v2\/pages"}],"about":[{"href":"https:\/\/ideal.ufpb.br\/pt\/wp-json\/wp\/v2\/types\/page"}],"author":[{"embeddable":true,"href":"https:\/\/ideal.ufpb.br\/pt\/wp-json\/wp\/v2\/users\/4"}],"replies":[{"embeddable":true,"href":"https:\/\/ideal.ufpb.br\/pt\/wp-json\/wp\/v2\/comments?post=273"}],"version-history":[{"count":1,"href":"https:\/\/ideal.ufpb.br\/pt\/wp-json\/wp\/v2\/pages\/273\/revisions"}],"predecessor-version":[{"id":4307,"href":"https:\/\/ideal.ufpb.br\/pt\/wp-json\/wp\/v2\/pages\/273\/revisions\/4307"}],"wp:attachment":[{"href":"https:\/\/ideal.ufpb.br\/pt\/wp-json\/wp\/v2\/media?parent=273"}],"curies":[{"name":"wp","href":"https:\/\/api.w.org\/{rel}","templated":true}]}}