{"id":5019,"date":"2025-04-07T10:31:23","date_gmt":"2025-04-07T13:31:23","guid":{"rendered":"https:\/\/ideal.ufpb.br\/?page_id=5019"},"modified":"2025-07-15T20:55:57","modified_gmt":"2025-07-15T23:55:57","slug":"ideal-game","status":"publish","type":"page","link":"https:\/\/ideal.ufpb.br\/pt\/ideal-game\/","title":{"rendered":"IDEAL Game"},"content":{"rendered":"<div class=\"wp-block-image\">\n<figure class=\"aligncenter size-full is-resized\"><img loading=\"lazy\" decoding=\"async\" width=\"662\" height=\"628\" src=\"http:\/\/ideal.ufpb.br\/wp-content\/uploads\/2025\/04\/logoIDEALGameSmall.png\" alt=\"IDEAL Game Logo\" class=\"wp-image-5007\" style=\"width:334px;height:auto\" srcset=\"https:\/\/ideal.ufpb.br\/wp-content\/uploads\/2025\/04\/logoIDEALGameSmall.png 662w, https:\/\/ideal.ufpb.br\/wp-content\/uploads\/2025\/04\/logoIDEALGameSmall-300x285.png 300w, https:\/\/ideal.ufpb.br\/wp-content\/uploads\/2025\/04\/logoIDEALGameSmall-13x12.png 13w\" sizes=\"auto, (max-width: 662px) 100vw, 662px\" \/><\/figure><\/div>\n\n\n<p>No ini\u0301cio, havia trechos de terras ricas, rios abundantes e aldeias felizes e pro\u0301speras. Uma profunda harmonia reinou entre os homens e a natureza. Mas um dia, ja\u0301 na\u0303o sabemos realmente como ou o porque\u0302, o equili\u0301brio foi perturbado. A coviabilidade que simbolizava este equili\u0301brio duradouro e as relac\u0327o\u0303es entre os homens e as plantas ou animais da floresta ja\u0301 na\u0303o eram equitativas e boas nem para a natureza nem para os homens. O IDEAL game convida voce\u0302 a comec\u0327ar do zero <\/p>\n\n\n\n<p>O IDEAL game \u00e9 um jogo de tabuleiro que consiste em conquistar um territ\u00f3rio com o objetivo comum de manter a conviv\u00eancia entre o homem e a Natureza. Dependendo do seu personagem, cada jogador tamb\u00e9m tem um objetivo individual secreto que s\u00f3 pode ser alcan\u00e7ado ap\u00f3s atingir o objetivo comum de encontrar um equil\u00edbrio sustent\u00e1vel e ben\u00e9fico para humanos, plantas e animais na floresta.<\/p>\n\n\n\n<h3 class=\"wp-block-heading\"><strong>Baixe, Imprima e Jogue<\/strong><\/h3>\n\n\n\n<p>Clicando nas imagens abaixo voc\u00ea pode acessar as regras do jogo (<a href=\"https:\/\/drive.google.com\/file\/d\/129lX6qJiAiuMxpcgxd_p7R8qsUwucuxC\/view?usp=sharing\">em Portugu\u00eas<\/a>) (<a href=\"https:\/\/drive.google.com\/file\/d\/1wcORJYnQcSJirVrzh_VNsQpOZrGFHMbe\/view?usp=drive_link\">em Franc\u00eas<\/a>) (<a href=\"https:\/\/drive.google.com\/file\/d\/1GPanloV9tDiGNKRm7a2D7e_2w1lJ7O_e\/view?usp=sharing\">em Ingl\u00eas<\/a>) e voc\u00ea pode tamb\u00e9m imprimi-lo e jog\u00e1-lo (<a href=\"https:\/\/drive.google.com\/file\/d\/1EFoUYEhZxp4Es0KTOFH4SZCOHgPglSBM\/view?usp=sharing\">Portugu\u00eas<\/a>) (<a href=\"https:\/\/drive.google.com\/file\/d\/1mqN58ZEiRvjaGcrwEh7wJ9xughRiG1le\/view?usp=sharing\">Franc\u00eas<\/a>) (<a href=\"https:\/\/drive.google.com\/file\/d\/1BmeurVQPxpVd5VEWe7kGMYInWvvspiP-\/view?usp=sharing\">Ingl\u00eas<\/a>) .<\/p>\n\n\n\n<p>Se voc\u00ea tiver apenas 7 minutos, assista ao <a href=\"https:\/\/drive.google.com\/file\/d\/14lm7jP4_eLwhU2lstMeg36pZCPmDoetz\/view\">v\u00eddeo de demonstra\u00e7\u00e3o<\/a>!<\/p>\n\n\n\n<div class=\"wp-block-columns is-layout-flex wp-container-core-columns-is-layout-9d6595d7 wp-block-columns-is-layout-flex\">\n<div class=\"wp-block-column is-layout-flow wp-block-column-is-layout-flow\" style=\"flex-basis:33%\">\n<p class=\"has-text-align-center\"><a href=\"https:\/\/drive.google.com\/file\/d\/129lX6qJiAiuMxpcgxd_p7R8qsUwucuxC\/view?usp=sharing\"><strong>Regras<\/strong> <strong>(Portugu\u00eas)<\/strong><\/a><\/p>\n\n\n\n<figure class=\"wp-block-image size-large\"><a href=\"https:\/\/drive.google.com\/file\/d\/129lX6qJiAiuMxpcgxd_p7R8qsUwucuxC\/view?usp=sharing\"><img loading=\"lazy\" decoding=\"async\" width=\"1024\" height=\"552\" src=\"http:\/\/ideal.ufpb.br\/wp-content\/uploads\/2025\/05\/regrasCard-PT-BR-1024x552.png\" alt=\"\" class=\"wp-image-5075\" srcset=\"https:\/\/ideal.ufpb.br\/wp-content\/uploads\/2025\/05\/regrasCard-PT-BR-1024x552.png 1024w, https:\/\/ideal.ufpb.br\/wp-content\/uploads\/2025\/05\/regrasCard-PT-BR-300x162.png 300w, https:\/\/ideal.ufpb.br\/wp-content\/uploads\/2025\/05\/regrasCard-PT-BR-768x414.png 768w, https:\/\/ideal.ufpb.br\/wp-content\/uploads\/2025\/05\/regrasCard-PT-BR-18x10.png 18w, https:\/\/ideal.ufpb.br\/wp-content\/uploads\/2025\/05\/regrasCard-PT-BR.png 1500w\" sizes=\"auto, (max-width: 1024px) 100vw, 1024px\" \/><\/a><\/figure>\n<\/div>\n\n\n\n<div class=\"wp-block-column is-layout-flow wp-block-column-is-layout-flow\" style=\"flex-basis:33%\">\n<p class=\"has-text-align-center\"><strong><a href=\"https:\/\/drive.google.com\/file\/d\/1EFoUYEhZxp4Es0KTOFH4SZCOHgPglSBM\/view?usp=sharing\">Imprima e Jogue (Portugu\u00eas)<\/a><\/strong><\/p>\n\n\n\n<figure class=\"wp-block-image size-large\"><a href=\"https:\/\/drive.google.com\/file\/d\/1EFoUYEhZxp4Es0KTOFH4SZCOHgPglSBM\/view?usp=sharing\"><img loading=\"lazy\" decoding=\"async\" width=\"1024\" height=\"552\" src=\"http:\/\/ideal.ufpb.br\/wp-content\/uploads\/2025\/05\/printAndPlayBR-1024x552.png\" alt=\"\" class=\"wp-image-5080\" srcset=\"https:\/\/ideal.ufpb.br\/wp-content\/uploads\/2025\/05\/printAndPlayBR-1024x552.png 1024w, https:\/\/ideal.ufpb.br\/wp-content\/uploads\/2025\/05\/printAndPlayBR-300x162.png 300w, https:\/\/ideal.ufpb.br\/wp-content\/uploads\/2025\/05\/printAndPlayBR-768x414.png 768w, https:\/\/ideal.ufpb.br\/wp-content\/uploads\/2025\/05\/printAndPlayBR-18x10.png 18w, https:\/\/ideal.ufpb.br\/wp-content\/uploads\/2025\/05\/printAndPlayBR.png 1500w\" sizes=\"auto, (max-width: 1024px) 100vw, 1024px\" \/><\/a><\/figure>\n<\/div>\n\n\n\n<div class=\"wp-block-column is-layout-flow wp-block-column-is-layout-flow\" style=\"flex-basis:33%\">\n<p class=\"has-text-align-center\"><a href=\"https:\/\/drive.google.com\/file\/d\/14lm7jP4_eLwhU2lstMeg36pZCPmDoetz\/view\"><strong>V\u00eddeo de demonstra\u00e7\u00e3o<\/strong><\/a><\/p>\n\n\n\n<figure class=\"wp-block-image size-full\"><a href=\"https:\/\/drive.google.com\/file\/d\/14lm7jP4_eLwhU2lstMeg36pZCPmDoetz\/view\"><img loading=\"lazy\" decoding=\"async\" width=\"1000\" height=\"539\" src=\"http:\/\/ideal.ufpb.br\/wp-content\/uploads\/2025\/04\/cardVideoDemo3.png\" alt=\"\" class=\"wp-image-5037\" srcset=\"https:\/\/ideal.ufpb.br\/wp-content\/uploads\/2025\/04\/cardVideoDemo3.png 1000w, https:\/\/ideal.ufpb.br\/wp-content\/uploads\/2025\/04\/cardVideoDemo3-300x162.png 300w, https:\/\/ideal.ufpb.br\/wp-content\/uploads\/2025\/04\/cardVideoDemo3-768x414.png 768w, https:\/\/ideal.ufpb.br\/wp-content\/uploads\/2025\/04\/cardVideoDemo3-18x10.png 18w\" sizes=\"auto, (max-width: 1000px) 100vw, 1000px\" \/><\/a><\/figure>\n<\/div>\n<\/div>\n\n\n\n<div class=\"wp-block-columns is-layout-flex wp-container-core-columns-is-layout-9d6595d7 wp-block-columns-is-layout-flex\">\n<div class=\"wp-block-column is-layout-flow wp-block-column-is-layout-flow\" style=\"flex-basis:33%\">\n<p class=\"has-text-align-center\"><strong><a href=\"https:\/\/drive.google.com\/file\/d\/1wcORJYnQcSJirVrzh_VNsQpOZrGFHMbe\/view?usp=drive_link\">Rules (French)<\/a><\/strong><\/p>\n\n\n\n<figure class=\"wp-block-gallery has-nested-images columns-default is-cropped wp-block-gallery-1 is-layout-flex wp-block-gallery-is-layout-flex\">\n<figure class=\"wp-block-image size-large\"><a href=\"https:\/\/drive.google.com\/file\/d\/1wcORJYnQcSJirVrzh_VNsQpOZrGFHMbe\/view?usp=drive_link\"><img loading=\"lazy\" decoding=\"async\" width=\"1024\" height=\"552\" data-id=\"5076\" src=\"http:\/\/ideal.ufpb.br\/wp-content\/uploads\/2025\/05\/regrasCard-FR-1024x552.png\" alt=\"\" class=\"wp-image-5076\" srcset=\"https:\/\/ideal.ufpb.br\/wp-content\/uploads\/2025\/05\/regrasCard-FR-1024x552.png 1024w, https:\/\/ideal.ufpb.br\/wp-content\/uploads\/2025\/05\/regrasCard-FR-300x162.png 300w, https:\/\/ideal.ufpb.br\/wp-content\/uploads\/2025\/05\/regrasCard-FR-768x414.png 768w, https:\/\/ideal.ufpb.br\/wp-content\/uploads\/2025\/05\/regrasCard-FR-18x10.png 18w, https:\/\/ideal.ufpb.br\/wp-content\/uploads\/2025\/05\/regrasCard-FR.png 1500w\" sizes=\"auto, (max-width: 1024px) 100vw, 1024px\" \/><\/a><\/figure>\n<\/figure>\n<\/div>\n\n\n\n<div class=\"wp-block-column is-layout-flow wp-block-column-is-layout-flow\" style=\"flex-basis:33%\">\n<p class=\"has-text-align-center\"><strong><a href=\"https:\/\/drive.google.com\/file\/d\/1mqN58ZEiRvjaGcrwEh7wJ9xughRiG1le\/view?usp=sharing\">Imprima e Jogue (Franc\u00eas)<\/a><\/strong><\/p>\n\n\n\n<figure class=\"wp-block-image size-large\"><a href=\"https:\/\/drive.google.com\/file\/d\/1mqN58ZEiRvjaGcrwEh7wJ9xughRiG1le\/view?usp=sharing\"><img loading=\"lazy\" decoding=\"async\" width=\"1024\" height=\"552\" src=\"http:\/\/ideal.ufpb.br\/wp-content\/uploads\/2025\/05\/printAndPlayFR-1024x552.png\" alt=\"\" class=\"wp-image-5078\" srcset=\"https:\/\/ideal.ufpb.br\/wp-content\/uploads\/2025\/05\/printAndPlayFR-1024x552.png 1024w, https:\/\/ideal.ufpb.br\/wp-content\/uploads\/2025\/05\/printAndPlayFR-300x162.png 300w, https:\/\/ideal.ufpb.br\/wp-content\/uploads\/2025\/05\/printAndPlayFR-768x414.png 768w, https:\/\/ideal.ufpb.br\/wp-content\/uploads\/2025\/05\/printAndPlayFR-18x10.png 18w, https:\/\/ideal.ufpb.br\/wp-content\/uploads\/2025\/05\/printAndPlayFR.png 1500w\" sizes=\"auto, (max-width: 1024px) 100vw, 1024px\" \/><\/a><\/figure>\n<\/div>\n\n\n\n<div class=\"wp-block-column is-layout-flow wp-block-column-is-layout-flow\" style=\"flex-basis:33%\">\n<p><\/p>\n<\/div>\n<\/div>\n\n\n\n<div class=\"wp-block-columns is-layout-flex wp-container-core-columns-is-layout-9d6595d7 wp-block-columns-is-layout-flex\">\n<div class=\"wp-block-column is-layout-flow wp-block-column-is-layout-flow\">\n<div class=\"wp-block-columns is-layout-flex wp-container-core-columns-is-layout-9d6595d7 wp-block-columns-is-layout-flex\">\n<div class=\"wp-block-column is-layout-flow wp-block-column-is-layout-flow\" style=\"flex-basis:33%\">\n<p class=\"has-text-align-center\"><a href=\"https:\/\/drive.google.com\/file\/d\/1GPanloV9tDiGNKRm7a2D7e_2w1lJ7O_e\/view?usp=sharing\"><strong>Rules (English)<\/strong><\/a><\/p>\n\n\n\n<figure class=\"wp-block-image size-large\"><a href=\"https:\/\/drive.google.com\/file\/d\/1GPanloV9tDiGNKRm7a2D7e_2w1lJ7O_e\/view?usp=sharing\"><img loading=\"lazy\" decoding=\"async\" width=\"1024\" height=\"552\" src=\"http:\/\/ideal.ufpb.br\/wp-content\/uploads\/2025\/05\/regrasCard-EN-1024x552.png\" alt=\"\" class=\"wp-image-5077\" srcset=\"https:\/\/ideal.ufpb.br\/wp-content\/uploads\/2025\/05\/regrasCard-EN-1024x552.png 1024w, https:\/\/ideal.ufpb.br\/wp-content\/uploads\/2025\/05\/regrasCard-EN-300x162.png 300w, https:\/\/ideal.ufpb.br\/wp-content\/uploads\/2025\/05\/regrasCard-EN-768x414.png 768w, https:\/\/ideal.ufpb.br\/wp-content\/uploads\/2025\/05\/regrasCard-EN-18x10.png 18w, https:\/\/ideal.ufpb.br\/wp-content\/uploads\/2025\/05\/regrasCard-EN.png 1500w\" sizes=\"auto, (max-width: 1024px) 100vw, 1024px\" \/><\/a><\/figure>\n<\/div>\n\n\n\n<div class=\"wp-block-column is-layout-flow wp-block-column-is-layout-flow\" style=\"flex-basis:33%\">\n<p class=\"has-text-align-center\"><strong><a href=\"https:\/\/drive.google.com\/file\/d\/1BmeurVQPxpVd5VEWe7kGMYInWvvspiP-\/view?usp=sharing\">Imprima e Jogue (Ingl\u00eas)<\/a><\/strong><\/p>\n\n\n\n<figure class=\"wp-block-image size-large\"><a href=\"https:\/\/drive.google.com\/file\/d\/1BmeurVQPxpVd5VEWe7kGMYInWvvspiP-\/view?usp=sharing\"><img loading=\"lazy\" decoding=\"async\" width=\"1024\" height=\"552\" src=\"http:\/\/ideal.ufpb.br\/wp-content\/uploads\/2025\/05\/printAndPlayEN-1024x552.png\" alt=\"\" class=\"wp-image-5079\" srcset=\"https:\/\/ideal.ufpb.br\/wp-content\/uploads\/2025\/05\/printAndPlayEN-1024x552.png 1024w, https:\/\/ideal.ufpb.br\/wp-content\/uploads\/2025\/05\/printAndPlayEN-300x162.png 300w, https:\/\/ideal.ufpb.br\/wp-content\/uploads\/2025\/05\/printAndPlayEN-768x414.png 768w, https:\/\/ideal.ufpb.br\/wp-content\/uploads\/2025\/05\/printAndPlayEN-18x10.png 18w, https:\/\/ideal.ufpb.br\/wp-content\/uploads\/2025\/05\/printAndPlayEN.png 1500w\" sizes=\"auto, (max-width: 1024px) 100vw, 1024px\" \/><\/a><\/figure>\n<\/div>\n\n\n\n<div class=\"wp-block-column is-layout-flow wp-block-column-is-layout-flow\"><\/div>\n<\/div>\n<\/div>\n<\/div>\n\n\n\n<h3 class=\"wp-block-heading\"><a href=\"https:\/\/drive.google.com\/file\/d\/10q0xHPJW5DiLAyrP5GwZk-insmxsPkc9\/view?usp=sharing\"><\/a><strong>Vers\u00e3o Online do Jogo<\/strong><\/h3>\n\n\n\n<p>Clicando nas imagens abaixo voc\u00ea pode ter acesso (em breve) ao aplicativo que permite calcular automaticamente a pontua\u00e7\u00e3o dos jogadores e tamb\u00e9m \u00e0 vers\u00e3o online do jogo.<br><a href=\"https:\/\/drive.google.com\/file\/d\/1A7CWeZnGNU6Zbc5awCPsdqu_5FYaB4rQ\/view\"><\/a><\/p>\n\n\n\n<div class=\"wp-block-columns is-layout-flex wp-container-core-columns-is-layout-9d6595d7 wp-block-columns-is-layout-flex\">\n<div class=\"wp-block-column is-layout-flow wp-block-column-is-layout-flow\">\n<h4 class=\"wp-block-heading\"><strong>App para calcular sua pontua\u00e7\u00e3o<\/strong> (em breve)<\/h4>\n\n\n\n<p>Este aplicativo ir\u00e1 calcular as pontua\u00e7\u00f5es para voc\u00ea a partir de uma foto que voc\u00ea tira do tabuleiro.<\/p>\n\n\n\n<figure class=\"wp-block-image size-full is-resized\"><img loading=\"lazy\" decoding=\"async\" width=\"1000\" height=\"539\" src=\"http:\/\/ideal.ufpb.br\/wp-content\/uploads\/2025\/04\/appCard2.png\" alt=\"\" class=\"wp-image-5039\" style=\"width:471px;height:auto\" srcset=\"https:\/\/ideal.ufpb.br\/wp-content\/uploads\/2025\/04\/appCard2.png 1000w, https:\/\/ideal.ufpb.br\/wp-content\/uploads\/2025\/04\/appCard2-300x162.png 300w, https:\/\/ideal.ufpb.br\/wp-content\/uploads\/2025\/04\/appCard2-768x414.png 768w, https:\/\/ideal.ufpb.br\/wp-content\/uploads\/2025\/04\/appCard2-18x10.png 18w\" sizes=\"auto, (max-width: 1000px) 100vw, 1000px\" \/><\/figure>\n<\/div>\n<\/div>\n\n\n\n<h4 class=\"wp-block-heading\"><strong>Vers\u00e3o Online do Jogo<\/strong> (em breve)<\/h4>\n\n\n\n<figure class=\"wp-block-image size-large is-resized\"><img loading=\"lazy\" decoding=\"async\" width=\"1024\" height=\"551\" src=\"http:\/\/ideal.ufpb.br\/wp-content\/uploads\/2025\/04\/versaoOnlineCard-1-1024x551.png\" alt=\"\" class=\"wp-image-5034\" style=\"width:476px;height:auto\" srcset=\"https:\/\/ideal.ufpb.br\/wp-content\/uploads\/2025\/04\/versaoOnlineCard-1-1024x551.png 1024w, https:\/\/ideal.ufpb.br\/wp-content\/uploads\/2025\/04\/versaoOnlineCard-1-300x162.png 300w, https:\/\/ideal.ufpb.br\/wp-content\/uploads\/2025\/04\/versaoOnlineCard-1-768x414.png 768w, https:\/\/ideal.ufpb.br\/wp-content\/uploads\/2025\/04\/versaoOnlineCard-1-1536x827.png 1536w, https:\/\/ideal.ufpb.br\/wp-content\/uploads\/2025\/04\/versaoOnlineCard-1-18x10.png 18w, https:\/\/ideal.ufpb.br\/wp-content\/uploads\/2025\/04\/versaoOnlineCard-1.png 2000w\" sizes=\"auto, (max-width: 1024px) 100vw, 1024px\" \/><\/figure>\n\n\n\n<h3 class=\"wp-block-heading\"><strong>Cr\u00e9ditos<\/strong><\/h3>\n\n\n\n<h4 class=\"wp-block-heading\"><strong>Projeto do jogo<\/strong><\/h4>\n\n\n\n<p>O jogo foi projetado por <a href=\"https:\/\/laureberti.github.io\/website\/\">Laure Berti-Equille<\/a>, <a href=\"https:\/\/sigaa.ufpb.br\/sigaa\/public\/docente\/portal.jsf?siape=2770305\">Milena Dutra da Silva<\/a> e <a href=\"http:\/\/lattes.cnpq.br\/1056834900552705\">Renan Viera Rocha<\/a> e foi constru\u00eddo atrav\u00e9s da colabora\u00e7\u00e3o entre v\u00e1rios pesquisadores e estudantes de diferentes institui\u00e7\u00f5es e laborat\u00f3rios que fazem parte do <a href=\"https:\/\/ideal.ufpb.br\/pt\/\">Laborat\u00f3rio IDEAL<\/a>.<\/p>\n\n\n\n<h4 class=\"wp-block-heading\"><strong>Design dos recursos digitais<\/strong><\/h4>\n\n\n\n<p><a href=\"https:\/\/www.linkedin.com\/in\/ayla-dantas-reboucas\/\">Ayla D. Rebou\u00e7as<\/a>, <a href=\"https:\/\/www.linkedin.com\/in\/rafaelmagalhaes\/\">Rafael Magalh\u00e3es<\/a>, <a href=\"https:\/\/www.linkedin.com\/in\/tacitoneves\/\">T\u00e1cito Neves<\/a>, <a href=\"https:\/\/www.linkedin.com\/in\/rodrigoreboucas\/\">Rodrigo Rebou\u00e7as<\/a>, <a href=\"https:\/\/www.linkedin.com\/in\/larissa-bastos-ab29a2268\/\">Larissa Bastos Juvito<\/a>, <a href=\"https:\/\/www.linkedin.com\/in\/levi-maciel\/\">Levi Maciel de Souza<\/a>, <a href=\"https:\/\/www.linkedin.com\/in\/mathzsl\/\">Matheus Soares de Lima<\/a> e <a href=\"https:\/\/www.linkedin.com\/in\/lucas-cardoso-dos-santos-9017b4233\/\">Lucas Cardoso dos Santos<\/a>.<\/p>\n\n\n\n<h4 class=\"wp-block-heading\"><strong>Produ\u00e7\u00e3o do V\u00eddeo de Demonstra\u00e7\u00e3o<\/strong><\/h4>\n\n\n\n<p>Ion\u00e1h Mariany de Souza e Santana, Paula Emanuelly Gomes dos Santos, Raimundo Ferreira da Silva Sobrinho and Valqu\u00edria Alves da Silva<\/p>\n\n\n\n<p><\/p>\n\n\n\n<div class=\"wp-block-columns is-layout-flex wp-container-core-columns-is-layout-9d6595d7 wp-block-columns-is-layout-flex\">\n<div class=\"wp-block-column is-layout-flow wp-block-column-is-layout-flow\">\n<figure class=\"wp-block-image size-large\"><img loading=\"lazy\" decoding=\"async\" width=\"1024\" height=\"130\" src=\"http:\/\/ideal.ufpb.br\/wp-content\/uploads\/2025\/04\/logoIRD-1024x130.jpg\" alt=\"\" class=\"wp-image-5046\" srcset=\"https:\/\/ideal.ufpb.br\/wp-content\/uploads\/2025\/04\/logoIRD-1024x130.jpg 1024w, https:\/\/ideal.ufpb.br\/wp-content\/uploads\/2025\/04\/logoIRD-300x38.jpg 300w, https:\/\/ideal.ufpb.br\/wp-content\/uploads\/2025\/04\/logoIRD-768x98.jpg 768w, https:\/\/ideal.ufpb.br\/wp-content\/uploads\/2025\/04\/logoIRD-1536x195.jpg 1536w, https:\/\/ideal.ufpb.br\/wp-content\/uploads\/2025\/04\/logoIRD-2048x261.jpg 2048w, https:\/\/ideal.ufpb.br\/wp-content\/uploads\/2025\/04\/logoIRD-18x2.jpg 18w\" sizes=\"auto, (max-width: 1024px) 100vw, 1024px\" \/><\/figure>\n<\/div>\n<\/div>\n\n\n\n<p><\/p>","protected":false},"excerpt":{"rendered":"<p>Once upon a time, there were large and rich land areas, abundant rivers and happy, prosperous villages. A profound harmony reigned between man and nature. But one day, we no longer really know how or why the balance was disturbed. The cohabitation that symbolized this lasting balance and the relationships between man and the plants [&hellip;]<\/p>","protected":false},"author":10,"featured_media":0,"parent":0,"menu_order":0,"comment_status":"closed","ping_status":"closed","template":"","meta":{"footnotes":""},"class_list":["post-5019","page","type-page","status-publish","hentry"],"yoast_head":"<!-- This site is optimized with the Yoast SEO plugin v26.0 - https:\/\/yoast.com\/wordpress\/plugins\/seo\/ -->\n<title>IDEAL Game - IDEAL IJL<\/title>\n<meta name=\"robots\" content=\"index, follow, max-snippet:-1, max-image-preview:large, max-video-preview:-1\" \/>\n<link rel=\"canonical\" href=\"https:\/\/ideal.ufpb.br\/pt\/ideal-game\/\" \/>\n<meta property=\"og:locale\" content=\"pt_BR\" \/>\n<meta property=\"og:type\" content=\"article\" \/>\n<meta property=\"og:title\" content=\"IDEAL Game - IDEAL IJL\" \/>\n<meta property=\"og:description\" content=\"Once upon a time, there were large and rich land areas, abundant rivers and happy, prosperous villages. A profound harmony reigned between man and nature. But one day, we no longer really know how or why the balance was disturbed. The cohabitation that symbolized this lasting balance and the relationships between man and the plants [&hellip;]\" \/>\n<meta property=\"og:url\" content=\"https:\/\/ideal.ufpb.br\/pt\/ideal-game\/\" \/>\n<meta property=\"og:site_name\" content=\"IDEAL IJL\" \/>\n<meta property=\"article:modified_time\" content=\"2025-07-15T23:55:57+00:00\" \/>\n<meta property=\"og:image\" content=\"http:\/\/ideal.ufpb.br\/wp-content\/uploads\/2025\/04\/logoIDEALGameSmall.png\" \/>\n<meta name=\"twitter:card\" content=\"summary_large_image\" \/>\n<meta name=\"twitter:label1\" content=\"Est. tempo de leitura\" \/>\n\t<meta name=\"twitter:data1\" content=\"4 minutos\" \/>\n<script type=\"application\/ld+json\" class=\"yoast-schema-graph\">{\"@context\":\"https:\/\/schema.org\",\"@graph\":[{\"@type\":\"WebPage\",\"@id\":\"https:\/\/ideal.ufpb.br\/ideal-game\/\",\"url\":\"https:\/\/ideal.ufpb.br\/ideal-game\/\",\"name\":\"IDEAL Game - IDEAL IJL\",\"isPartOf\":{\"@id\":\"https:\/\/ideal.ufpb.br\/pt\/#website\"},\"primaryImageOfPage\":{\"@id\":\"https:\/\/ideal.ufpb.br\/ideal-game\/#primaryimage\"},\"image\":{\"@id\":\"https:\/\/ideal.ufpb.br\/ideal-game\/#primaryimage\"},\"thumbnailUrl\":\"http:\/\/ideal.ufpb.br\/wp-content\/uploads\/2025\/04\/logoIDEALGameSmall.png\",\"datePublished\":\"2025-04-07T13:31:23+00:00\",\"dateModified\":\"2025-07-15T23:55:57+00:00\",\"inLanguage\":\"pt-BR\",\"potentialAction\":[{\"@type\":\"ReadAction\",\"target\":[\"https:\/\/ideal.ufpb.br\/ideal-game\/\"]}]},{\"@type\":\"ImageObject\",\"inLanguage\":\"pt-BR\",\"@id\":\"https:\/\/ideal.ufpb.br\/ideal-game\/#primaryimage\",\"url\":\"http:\/\/ideal.ufpb.br\/wp-content\/uploads\/2025\/04\/logoIDEALGameSmall.png\",\"contentUrl\":\"http:\/\/ideal.ufpb.br\/wp-content\/uploads\/2025\/04\/logoIDEALGameSmall.png\"},{\"@type\":\"WebSite\",\"@id\":\"https:\/\/ideal.ufpb.br\/pt\/#website\",\"url\":\"https:\/\/ideal.ufpb.br\/pt\/\",\"name\":\"IDEAL IJL\",\"description\":\"International Joint Lab on Sustainability\",\"publisher\":{\"@id\":\"https:\/\/ideal.ufpb.br\/pt\/#organization\"},\"potentialAction\":[{\"@type\":\"SearchAction\",\"target\":{\"@type\":\"EntryPoint\",\"urlTemplate\":\"https:\/\/ideal.ufpb.br\/pt\/?s={search_term_string}\"},\"query-input\":{\"@type\":\"PropertyValueSpecification\",\"valueRequired\":true,\"valueName\":\"search_term_string\"}}],\"inLanguage\":\"pt-BR\"},{\"@type\":\"Organization\",\"@id\":\"https:\/\/ideal.ufpb.br\/pt\/#organization\",\"name\":\"International Joint Lab on Sustainability IDEAL\",\"url\":\"https:\/\/ideal.ufpb.br\/pt\/\",\"logo\":{\"@type\":\"ImageObject\",\"inLanguage\":\"pt-BR\",\"@id\":\"https:\/\/ideal.ufpb.br\/pt\/#\/schema\/logo\/image\/\",\"url\":\"https:\/\/ideal.ufpb.br\/wp-content\/uploads\/2025\/09\/Logotipo_mod_Branco-scaled.png\",\"contentUrl\":\"https:\/\/ideal.ufpb.br\/wp-content\/uploads\/2025\/09\/Logotipo_mod_Branco-scaled.png\",\"width\":2560,\"height\":2116,\"caption\":\"International Joint Lab on Sustainability IDEAL\"},\"image\":{\"@id\":\"https:\/\/ideal.ufpb.br\/pt\/#\/schema\/logo\/image\/\"}}]}<\/script>\n<!-- \/ Yoast SEO plugin. -->","yoast_head_json":{"title":"IDEAL Game - IDEAL IJL","robots":{"index":"index","follow":"follow","max-snippet":"max-snippet:-1","max-image-preview":"max-image-preview:large","max-video-preview":"max-video-preview:-1"},"canonical":"https:\/\/ideal.ufpb.br\/pt\/ideal-game\/","og_locale":"pt_BR","og_type":"article","og_title":"IDEAL Game - IDEAL IJL","og_description":"Once upon a time, there were large and rich land areas, abundant rivers and happy, prosperous villages. A profound harmony reigned between man and nature. But one day, we no longer really know how or why the balance was disturbed. The cohabitation that symbolized this lasting balance and the relationships between man and the plants [&hellip;]","og_url":"https:\/\/ideal.ufpb.br\/pt\/ideal-game\/","og_site_name":"IDEAL IJL","article_modified_time":"2025-07-15T23:55:57+00:00","og_image":[{"url":"http:\/\/ideal.ufpb.br\/wp-content\/uploads\/2025\/04\/logoIDEALGameSmall.png","type":"","width":"","height":""}],"twitter_card":"summary_large_image","twitter_misc":{"Est. tempo de leitura":"4 minutos"},"schema":{"@context":"https:\/\/schema.org","@graph":[{"@type":"WebPage","@id":"https:\/\/ideal.ufpb.br\/ideal-game\/","url":"https:\/\/ideal.ufpb.br\/ideal-game\/","name":"IDEAL Game - IDEAL IJL","isPartOf":{"@id":"https:\/\/ideal.ufpb.br\/pt\/#website"},"primaryImageOfPage":{"@id":"https:\/\/ideal.ufpb.br\/ideal-game\/#primaryimage"},"image":{"@id":"https:\/\/ideal.ufpb.br\/ideal-game\/#primaryimage"},"thumbnailUrl":"http:\/\/ideal.ufpb.br\/wp-content\/uploads\/2025\/04\/logoIDEALGameSmall.png","datePublished":"2025-04-07T13:31:23+00:00","dateModified":"2025-07-15T23:55:57+00:00","inLanguage":"pt-BR","potentialAction":[{"@type":"ReadAction","target":["https:\/\/ideal.ufpb.br\/ideal-game\/"]}]},{"@type":"ImageObject","inLanguage":"pt-BR","@id":"https:\/\/ideal.ufpb.br\/ideal-game\/#primaryimage","url":"http:\/\/ideal.ufpb.br\/wp-content\/uploads\/2025\/04\/logoIDEALGameSmall.png","contentUrl":"http:\/\/ideal.ufpb.br\/wp-content\/uploads\/2025\/04\/logoIDEALGameSmall.png"},{"@type":"WebSite","@id":"https:\/\/ideal.ufpb.br\/pt\/#website","url":"https:\/\/ideal.ufpb.br\/pt\/","name":"IDEAL IJL","description":"International Joint Lab on Sustainability","publisher":{"@id":"https:\/\/ideal.ufpb.br\/pt\/#organization"},"potentialAction":[{"@type":"SearchAction","target":{"@type":"EntryPoint","urlTemplate":"https:\/\/ideal.ufpb.br\/pt\/?s={search_term_string}"},"query-input":{"@type":"PropertyValueSpecification","valueRequired":true,"valueName":"search_term_string"}}],"inLanguage":"pt-BR"},{"@type":"Organization","@id":"https:\/\/ideal.ufpb.br\/pt\/#organization","name":"International Joint Lab on Sustainability IDEAL","url":"https:\/\/ideal.ufpb.br\/pt\/","logo":{"@type":"ImageObject","inLanguage":"pt-BR","@id":"https:\/\/ideal.ufpb.br\/pt\/#\/schema\/logo\/image\/","url":"https:\/\/ideal.ufpb.br\/wp-content\/uploads\/2025\/09\/Logotipo_mod_Branco-scaled.png","contentUrl":"https:\/\/ideal.ufpb.br\/wp-content\/uploads\/2025\/09\/Logotipo_mod_Branco-scaled.png","width":2560,"height":2116,"caption":"International Joint Lab on Sustainability IDEAL"},"image":{"@id":"https:\/\/ideal.ufpb.br\/pt\/#\/schema\/logo\/image\/"}}]}},"_links":{"self":[{"href":"https:\/\/ideal.ufpb.br\/pt\/wp-json\/wp\/v2\/pages\/5019","targetHints":{"allow":["GET"]}}],"collection":[{"href":"https:\/\/ideal.ufpb.br\/pt\/wp-json\/wp\/v2\/pages"}],"about":[{"href":"https:\/\/ideal.ufpb.br\/pt\/wp-json\/wp\/v2\/types\/page"}],"author":[{"embeddable":true,"href":"https:\/\/ideal.ufpb.br\/pt\/wp-json\/wp\/v2\/users\/10"}],"replies":[{"embeddable":true,"href":"https:\/\/ideal.ufpb.br\/pt\/wp-json\/wp\/v2\/comments?post=5019"}],"version-history":[{"count":0,"href":"https:\/\/ideal.ufpb.br\/pt\/wp-json\/wp\/v2\/pages\/5019\/revisions"}],"wp:attachment":[{"href":"https:\/\/ideal.ufpb.br\/pt\/wp-json\/wp\/v2\/media?parent=5019"}],"curies":[{"name":"wp","href":"https:\/\/api.w.org\/{rel}","templated":true}]}}